{"id":367177,"date":"2024-09-10T09:39:45","date_gmt":"2024-09-10T16:55:26","guid":{"rendered":"https:\/\/maisoncleo.com\/\/?post_type=product&#038;p=367177"},"modified":"2024-09-10T21:23:53","modified_gmt":"2024-09-10T19:23:53","slug":"la-poupette-defile-look-1-mini-top-adela-bleu-azur-vichy-avec-broderies","status":"publish","type":"product","link":"https:\/\/maisoncleo.com\/fr\/shop\/la-poupette-defile-look-1-mini-top-adela-bleu-azur-vichy-avec-broderies\/","title":{"rendered":"LA POUPETTE D\u00c9FIL\u00c9 LOOK 1 &#8211; Mini top ADELA bleu azur vichy avec broderies"},"content":{"rendered":"<p>Mini top en cotton bleu azur vichy avec broderies.<\/p>\n<p>D\u00e9collet\u00e9 carr\u00e9 \u00e9lastiqu\u00e9, fente d\u00e9collet\u00e9 avec lien, manches volant\u00e9es avec ruban de broderies.<\/p>\n<p>A porter en ensemble avec notre jupe assortie. La Bretagne \u00e7a vous gagne &lt;3<\/p>\n<p>Longueur : 32 cm.<\/p>\n<p>La mod\u00e8le mesure 1m75 et porte une taille S-36.<\/p>\n","protected":false},"excerpt":{"rendered":"<p>Mini top en cotton bleu azur vichy avec broderies. D\u00e9collet\u00e9 carr\u00e9 \u00e9lastiqu\u00e9, fente d\u00e9collet\u00e9 avec lien, manches volant\u00e9es avec ruban de broderies.&hellip;<\/p>\n","protected":false},"featured_media":353407,"template":"","meta":[],"product_brand":[],"product_cat":[671,668,674,661],"product_tag":[],"class_list":{"0":"post-367177","1":"product","2":"type-product","3":"status-publish","4":"has-post-thumbnail","6":"product_cat-defiles","7":"product_cat-capsule","8":"product_cat-tops","9":"product_cat-tout-voir","10":"pa_taille-l-40-2","11":"pa_taille-m-38-2","12":"pa_taille-s-36-2","13":"pa_taille-sur-mesure-fr-2","14":"pa_taille-xl-42-fr-2","15":"pa_taille-xs-34-2","17":"first","18":"instock","19":"taxable","20":"shipping-taxable","21":"purchasable","22":"product-type-variable"},"_links":{"self":[{"href":"https:\/\/maisoncleo.com\/fr\/wp-json\/wp\/v2\/product\/367177","targetHints":{"allow":["GET"]}}],"collection":[{"href":"https:\/\/maisoncleo.com\/fr\/wp-json\/wp\/v2\/product"}],"about":[{"href":"https:\/\/maisoncleo.com\/fr\/wp-json\/wp\/v2\/types\/product"}],"version-history":[{"count":1,"href":"https:\/\/maisoncleo.com\/fr\/wp-json\/wp\/v2\/product\/367177\/revisions"}],"predecessor-version":[{"id":367224,"href":"https:\/\/maisoncleo.com\/fr\/wp-json\/wp\/v2\/product\/367177\/revisions\/367224"}],"wp:featuredmedia":[{"embeddable":true,"href":"https:\/\/maisoncleo.com\/fr\/wp-json\/wp\/v2\/media\/353407"}],"wp:attachment":[{"href":"https:\/\/maisoncleo.com\/fr\/wp-json\/wp\/v2\/media?parent=367177"}],"wp:term":[{"taxonomy":"product_brand","embeddable":true,"href":"https:\/\/maisoncleo.com\/fr\/wp-json\/wp\/v2\/product_brand?post=367177"},{"taxonomy":"product_cat","embeddable":true,"href":"https:\/\/maisoncleo.com\/fr\/wp-json\/wp\/v2\/product_cat?post=367177"},{"taxonomy":"product_tag","embeddable":true,"href":"https:\/\/maisoncleo.com\/fr\/wp-json\/wp\/v2\/product_tag?post=367177"}],"curies":[{"name":"wp","href":"https:\/\/api.w.org\/{rel}","templated":true}]}}