{"id":367169,"date":"2024-09-10T09:39:12","date_gmt":"2024-09-10T16:55:25","guid":{"rendered":"https:\/\/maisoncleo.com\/\/?post_type=product&#038;p=367169"},"modified":"2024-09-10T21:23:47","modified_gmt":"2024-09-10T19:23:47","slug":"la-poupette-defile-look-3-blouse-julie-en-vichy-bleu-azur-detail-col-dentelle","status":"publish","type":"product","link":"https:\/\/maisoncleo.com\/fr\/shop\/la-poupette-defile-look-3-blouse-julie-en-vichy-bleu-azur-detail-col-dentelle\/","title":{"rendered":"LA POUPETTE D\u00c9FIL\u00c9 LOOK 3 &#8211; Blouse Julie en vichy bleu azur d\u00e9tail col dentelle"},"content":{"rendered":"<p>Notre blouse Julie dans une version bleu azur City en coton avec d\u00e9tail de dentelle au niveau du col, en hommage \u00e0 la Bretagne. Manches longues bouffantes, col pointu, pans \u00e0 nouer dans le dos ou sur le devant, c&rsquo;est \u00e0 vous de voir!<\/p>\n<p>Longueur : 43 cm<\/p>\n<p>La mod\u00e8le mesure 1m75 et porte une taille S-36.<\/p>\n","protected":false},"excerpt":{"rendered":"<p>Notre blouse Julie dans une version bleu azur City en coton avec d\u00e9tail de dentelle au niveau du col, en hommage \u00e0&hellip;<\/p>\n","protected":false},"featured_media":353347,"template":"","meta":[],"product_brand":[],"product_cat":[663,671,668,674,661],"product_tag":[],"class_list":{"0":"post-367169","1":"product","2":"type-product","3":"status-publish","4":"has-post-thumbnail","6":"product_cat-blouses","7":"product_cat-defiles","8":"product_cat-capsule","9":"product_cat-tops","10":"product_cat-tout-voir","11":"pa_taille-l-40-2","12":"pa_taille-m-38-2","13":"pa_taille-s-36-2","14":"pa_taille-sur-mesure-fr-2","15":"pa_taille-xl-42-fr-2","16":"pa_taille-xs-34-2","18":"first","19":"instock","20":"taxable","21":"shipping-taxable","22":"purchasable","23":"product-type-variable"},"_links":{"self":[{"href":"https:\/\/maisoncleo.com\/fr\/wp-json\/wp\/v2\/product\/367169","targetHints":{"allow":["GET"]}}],"collection":[{"href":"https:\/\/maisoncleo.com\/fr\/wp-json\/wp\/v2\/product"}],"about":[{"href":"https:\/\/maisoncleo.com\/fr\/wp-json\/wp\/v2\/types\/product"}],"version-history":[{"count":1,"href":"https:\/\/maisoncleo.com\/fr\/wp-json\/wp\/v2\/product\/367169\/revisions"}],"predecessor-version":[{"id":367193,"href":"https:\/\/maisoncleo.com\/fr\/wp-json\/wp\/v2\/product\/367169\/revisions\/367193"}],"wp:featuredmedia":[{"embeddable":true,"href":"https:\/\/maisoncleo.com\/fr\/wp-json\/wp\/v2\/media\/353347"}],"wp:attachment":[{"href":"https:\/\/maisoncleo.com\/fr\/wp-json\/wp\/v2\/media?parent=367169"}],"wp:term":[{"taxonomy":"product_brand","embeddable":true,"href":"https:\/\/maisoncleo.com\/fr\/wp-json\/wp\/v2\/product_brand?post=367169"},{"taxonomy":"product_cat","embeddable":true,"href":"https:\/\/maisoncleo.com\/fr\/wp-json\/wp\/v2\/product_cat?post=367169"},{"taxonomy":"product_tag","embeddable":true,"href":"https:\/\/maisoncleo.com\/fr\/wp-json\/wp\/v2\/product_tag?post=367169"}],"curies":[{"name":"wp","href":"https:\/\/api.w.org\/{rel}","templated":true}]}}