{"id":367168,"date":"2024-09-10T09:39:12","date_gmt":"2024-09-10T16:55:25","guid":{"rendered":"https:\/\/maisoncleo.com\/\/?post_type=product&#038;p=367168"},"modified":"2025-02-27T15:50:34","modified_gmt":"2025-02-27T13:50:34","slug":"la-poupette-defile-look-3-fichu-bleu-azur-vichy-en-coton-avec-dentelle","status":"publish","type":"product","link":"https:\/\/maisoncleo.com\/fr\/shop\/la-poupette-defile-look-3-fichu-bleu-azur-vichy-en-coton-avec-dentelle\/","title":{"rendered":"LA POUPETTE D\u00c9FIL\u00c9 LOOK 3 &#8211; Fichu bleu azur vichy en coton avec dentelle"},"content":{"rendered":"<p><span style=\"font-size: 1.7rem;\">Fichu bleu azur vichy en coton bord\u00e9 de dentelle dentelle, en hommage \u00e0 l&rsquo;h\u00e9ritage breton.<\/span><\/p>\n<p><span style=\"font-size: 1.7rem;\">A porter en ensemble avec notre blouse assortie. 100% cotton<\/span><\/p>\n<p><span style=\"font-size: 1.7rem;\">Dimensions: 49&#215;49 cm.<\/span><\/p>\n<p>&nbsp;<\/p>\n","protected":false},"excerpt":{"rendered":"<p>Fichu bleu azur vichy en coton bord\u00e9 de dentelle dentelle, en hommage \u00e0 l&rsquo;h\u00e9ritage breton. A porter en ensemble avec notre blouse&hellip;<\/p>\n","protected":false},"featured_media":353369,"template":"","meta":[],"product_brand":[],"product_cat":[651,656,671,668,661],"product_tag":[],"class_list":{"0":"post-367168","1":"product","2":"type-product","3":"status-publish","4":"has-post-thumbnail","6":"product_cat-accessoires","7":"product_cat-accessoires-cheveux","8":"product_cat-defiles","9":"product_cat-capsule","10":"product_cat-tout-voir","12":"first","13":"instock","14":"taxable","15":"shipping-taxable","16":"purchasable","17":"product-type-variable"},"_links":{"self":[{"href":"https:\/\/maisoncleo.com\/fr\/wp-json\/wp\/v2\/product\/367168","targetHints":{"allow":["GET"]}}],"collection":[{"href":"https:\/\/maisoncleo.com\/fr\/wp-json\/wp\/v2\/product"}],"about":[{"href":"https:\/\/maisoncleo.com\/fr\/wp-json\/wp\/v2\/types\/product"}],"version-history":[{"count":2,"href":"https:\/\/maisoncleo.com\/fr\/wp-json\/wp\/v2\/product\/367168\/revisions"}],"predecessor-version":[{"id":384004,"href":"https:\/\/maisoncleo.com\/fr\/wp-json\/wp\/v2\/product\/367168\/revisions\/384004"}],"wp:featuredmedia":[{"embeddable":true,"href":"https:\/\/maisoncleo.com\/fr\/wp-json\/wp\/v2\/media\/353369"}],"wp:attachment":[{"href":"https:\/\/maisoncleo.com\/fr\/wp-json\/wp\/v2\/media?parent=367168"}],"wp:term":[{"taxonomy":"product_brand","embeddable":true,"href":"https:\/\/maisoncleo.com\/fr\/wp-json\/wp\/v2\/product_brand?post=367168"},{"taxonomy":"product_cat","embeddable":true,"href":"https:\/\/maisoncleo.com\/fr\/wp-json\/wp\/v2\/product_cat?post=367168"},{"taxonomy":"product_tag","embeddable":true,"href":"https:\/\/maisoncleo.com\/fr\/wp-json\/wp\/v2\/product_tag?post=367168"}],"curies":[{"name":"wp","href":"https:\/\/api.w.org\/{rel}","templated":true}]}}