{"id":367143,"date":"2024-09-10T09:36:35","date_gmt":"2024-09-10T16:54:38","guid":{"rendered":"https:\/\/maisoncleo.com\/\/?post_type=product&#038;p=367143"},"modified":"2024-09-10T21:23:43","modified_gmt":"2024-09-10T19:23:43","slug":"la-poupette-defile-look-5-manteau-en-laine-epaisse-argane-marron-camel","status":"publish","type":"product","link":"https:\/\/maisoncleo.com\/fr\/shop\/la-poupette-defile-look-5-manteau-en-laine-epaisse-argane-marron-camel\/","title":{"rendered":"LA POUPETTE D\u00c9FIL\u00c9 LOOK 5 &#8211; Manteau en laine \u00e9paisse ARGANE marron camel"},"content":{"rendered":"<p>Manteau en laine \u00e9paisse marron camel, revers arrondi, poches, larges boutons noirs d\u00e9stock\u00e9s. La mati\u00e8re est une laine \u00e9paisse provenant d&rsquo;une maison de Couture fran\u00e7aise.<\/p>\n<p>A porter en ensemble avec notre jupe mini \u00e0 poches.<\/p>\n<p>Longueur : 82 cm.<\/p>\n<p>La mod\u00e8le mesure 1m75 et porte une taille S-36.<\/p>\n","protected":false},"excerpt":{"rendered":"<p>Manteau en laine \u00e9paisse marron camel, revers arrondi, poches, larges boutons noirs d\u00e9stock\u00e9s. La mati\u00e8re est une laine \u00e9paisse provenant d&rsquo;une maison&hellip;<\/p>\n","protected":false},"featured_media":353289,"template":"","meta":[],"product_brand":[],"product_cat":[671,668,661,665],"product_tag":[],"class_list":{"0":"post-367143","1":"product","2":"type-product","3":"status-publish","4":"has-post-thumbnail","6":"product_cat-defiles","7":"product_cat-capsule","8":"product_cat-tout-voir","9":"product_cat-vestes-manteaux","10":"pa_taille-l-40-2","11":"pa_taille-m-38-2","12":"pa_taille-s-36-2","13":"pa_taille-sur-mesure-fr-2","14":"pa_taille-xl-42-fr-2","15":"pa_taille-xs-34-2","17":"first","18":"instock","19":"taxable","20":"shipping-taxable","21":"purchasable","22":"product-type-variable"},"_links":{"self":[{"href":"https:\/\/maisoncleo.com\/fr\/wp-json\/wp\/v2\/product\/367143","targetHints":{"allow":["GET"]}}],"collection":[{"href":"https:\/\/maisoncleo.com\/fr\/wp-json\/wp\/v2\/product"}],"about":[{"href":"https:\/\/maisoncleo.com\/fr\/wp-json\/wp\/v2\/types\/product"}],"version-history":[{"count":1,"href":"https:\/\/maisoncleo.com\/fr\/wp-json\/wp\/v2\/product\/367143\/revisions"}],"predecessor-version":[{"id":367161,"href":"https:\/\/maisoncleo.com\/fr\/wp-json\/wp\/v2\/product\/367143\/revisions\/367161"}],"wp:featuredmedia":[{"embeddable":true,"href":"https:\/\/maisoncleo.com\/fr\/wp-json\/wp\/v2\/media\/353289"}],"wp:attachment":[{"href":"https:\/\/maisoncleo.com\/fr\/wp-json\/wp\/v2\/media?parent=367143"}],"wp:term":[{"taxonomy":"product_brand","embeddable":true,"href":"https:\/\/maisoncleo.com\/fr\/wp-json\/wp\/v2\/product_brand?post=367143"},{"taxonomy":"product_cat","embeddable":true,"href":"https:\/\/maisoncleo.com\/fr\/wp-json\/wp\/v2\/product_cat?post=367143"},{"taxonomy":"product_tag","embeddable":true,"href":"https:\/\/maisoncleo.com\/fr\/wp-json\/wp\/v2\/product_tag?post=367143"}],"curies":[{"name":"wp","href":"https:\/\/api.w.org\/{rel}","templated":true}]}}