{"id":367121,"date":"2024-09-10T09:34:23","date_gmt":"2024-09-10T16:54:16","guid":{"rendered":"https:\/\/maisoncleo.com\/\/?post_type=product&#038;p=367121"},"modified":"2024-09-10T21:23:38","modified_gmt":"2024-09-10T19:23:38","slug":"la-poupette-defile-look-7-robe-gwenaelle-en-velours-noir-avec-bordures-vichy-bleu","status":"publish","type":"product","link":"https:\/\/maisoncleo.com\/fr\/shop\/la-poupette-defile-look-7-robe-gwenaelle-en-velours-noir-avec-bordures-vichy-bleu\/","title":{"rendered":"LA POUPETTE D\u00c9FIL\u00c9 LOOK 7 &#8211; Robe GWENAELLE en velours noir avec bordures vichy bleu"},"content":{"rendered":"<p>R\u00e9interpr\u00e9tation de notre robe Jos\u00e9phine et de la robe traditionnelle bretonne. Robe en velours noir avec bordures vichy bleu volant\u00e9es, manches bouffantes, d\u00e9collet\u00e9 en carr\u00e9, bas oversize. Tablier \u00e0 rajouter en option.<\/p>\n<p>Longueur de la robe : 83 cm.<\/p>\n<p>La mod\u00e8le mesure 1m75 et porte une taille S-36.<\/p>\n","protected":false},"excerpt":{"rendered":"<p>R\u00e9interpr\u00e9tation de notre robe Jos\u00e9phine et de la robe traditionnelle bretonne. Robe en velours noir avec bordures vichy bleu volant\u00e9es, manches bouffantes,&hellip;<\/p>\n","protected":false},"featured_media":353220,"template":"","meta":[],"product_brand":[],"product_cat":[671,668,664,661],"product_tag":[],"class_list":{"0":"post-367121","1":"product","2":"type-product","3":"status-publish","4":"has-post-thumbnail","6":"product_cat-defiles","7":"product_cat-capsule","8":"product_cat-robes","9":"product_cat-tout-voir","10":"pa_taille-l-40-2","11":"pa_taille-m-38-2","12":"pa_taille-s-36-2","13":"pa_taille-sur-mesure-fr-2","14":"pa_taille-xl-42-fr-2","15":"pa_taille-xs-34-2","17":"first","18":"instock","19":"taxable","20":"shipping-taxable","21":"purchasable","22":"product-type-variable"},"_links":{"self":[{"href":"https:\/\/maisoncleo.com\/fr\/wp-json\/wp\/v2\/product\/367121","targetHints":{"allow":["GET"]}}],"collection":[{"href":"https:\/\/maisoncleo.com\/fr\/wp-json\/wp\/v2\/product"}],"about":[{"href":"https:\/\/maisoncleo.com\/fr\/wp-json\/wp\/v2\/types\/product"}],"version-history":[{"count":1,"href":"https:\/\/maisoncleo.com\/fr\/wp-json\/wp\/v2\/product\/367121\/revisions"}],"predecessor-version":[{"id":367144,"href":"https:\/\/maisoncleo.com\/fr\/wp-json\/wp\/v2\/product\/367121\/revisions\/367144"}],"wp:featuredmedia":[{"embeddable":true,"href":"https:\/\/maisoncleo.com\/fr\/wp-json\/wp\/v2\/media\/353220"}],"wp:attachment":[{"href":"https:\/\/maisoncleo.com\/fr\/wp-json\/wp\/v2\/media?parent=367121"}],"wp:term":[{"taxonomy":"product_brand","embeddable":true,"href":"https:\/\/maisoncleo.com\/fr\/wp-json\/wp\/v2\/product_brand?post=367121"},{"taxonomy":"product_cat","embeddable":true,"href":"https:\/\/maisoncleo.com\/fr\/wp-json\/wp\/v2\/product_cat?post=367121"},{"taxonomy":"product_tag","embeddable":true,"href":"https:\/\/maisoncleo.com\/fr\/wp-json\/wp\/v2\/product_tag?post=367121"}],"curies":[{"name":"wp","href":"https:\/\/api.w.org\/{rel}","templated":true}]}}