{"id":367064,"date":"2024-09-10T09:29:16","date_gmt":"2024-09-10T16:52:47","guid":{"rendered":"https:\/\/maisoncleo.com\/\/?post_type=product&#038;p=367064"},"modified":"2024-12-09T22:01:45","modified_gmt":"2024-12-09T20:01:45","slug":"la-poupette-defile-look-9-robe-maiwenn-fleurie-oversize-avec-deux-doubles-cols-brodes","status":"publish","type":"product","link":"https:\/\/maisoncleo.com\/fr\/shop\/la-poupette-defile-look-9-robe-maiwenn-fleurie-oversize-avec-deux-doubles-cols-brodes\/","title":{"rendered":"LA POUPETTE D\u00c9FIL\u00c9 LOOK 9 &#8211; Robe MAIWENN fleurie oversize avec deux doubles cols brod\u00e9s"},"content":{"rendered":"<p>Inspir\u00e9e des robes bretonnes et de notre robe Jos\u00e9phine, tissu fleuri en coton provenant d&rsquo;une maison de Couture fran\u00e7aise. Robe oversize courte, liens sur le devant, petites manches bouffantes, deux gros cols avec broderies.<\/p>\n<p>Toujours en fleurs &lt;3<\/p>\n<p>Longueur : 86 cm<\/p>\n<p>La mod\u00e8le mesure 1m75 et porte une taille S-36.<\/p>\n","protected":false},"excerpt":{"rendered":"<p>Inspir\u00e9e des robes bretonnes et de notre robe Jos\u00e9phine, tissu fleuri en coton provenant d&rsquo;une maison de Couture fran\u00e7aise. Robe oversize courte,&hellip;<\/p>\n","protected":false},"featured_media":353163,"template":"","meta":[],"product_brand":[],"product_cat":[671,668,664,661],"product_tag":[],"class_list":{"0":"post-367064","1":"product","2":"type-product","3":"status-publish","4":"has-post-thumbnail","6":"product_cat-defiles","7":"product_cat-capsule","8":"product_cat-robes","9":"product_cat-tout-voir","10":"pa_taille-l-40-2","11":"pa_taille-m-38-2","12":"pa_taille-s-36-2","13":"pa_taille-sur-mesure-fr-2","14":"pa_taille-xl-42-fr-2","15":"pa_taille-xs-34-2","17":"first","18":"outofstock","19":"taxable","20":"shipping-taxable","21":"purchasable","22":"product-type-variable"},"_links":{"self":[{"href":"https:\/\/maisoncleo.com\/fr\/wp-json\/wp\/v2\/product\/367064","targetHints":{"allow":["GET"]}}],"collection":[{"href":"https:\/\/maisoncleo.com\/fr\/wp-json\/wp\/v2\/product"}],"about":[{"href":"https:\/\/maisoncleo.com\/fr\/wp-json\/wp\/v2\/types\/product"}],"version-history":[{"count":1,"href":"https:\/\/maisoncleo.com\/fr\/wp-json\/wp\/v2\/product\/367064\/revisions"}],"predecessor-version":[{"id":367117,"href":"https:\/\/maisoncleo.com\/fr\/wp-json\/wp\/v2\/product\/367064\/revisions\/367117"}],"wp:featuredmedia":[{"embeddable":true,"href":"https:\/\/maisoncleo.com\/fr\/wp-json\/wp\/v2\/media\/353163"}],"wp:attachment":[{"href":"https:\/\/maisoncleo.com\/fr\/wp-json\/wp\/v2\/media?parent=367064"}],"wp:term":[{"taxonomy":"product_brand","embeddable":true,"href":"https:\/\/maisoncleo.com\/fr\/wp-json\/wp\/v2\/product_brand?post=367064"},{"taxonomy":"product_cat","embeddable":true,"href":"https:\/\/maisoncleo.com\/fr\/wp-json\/wp\/v2\/product_cat?post=367064"},{"taxonomy":"product_tag","embeddable":true,"href":"https:\/\/maisoncleo.com\/fr\/wp-json\/wp\/v2\/product_tag?post=367064"}],"curies":[{"name":"wp","href":"https:\/\/api.w.org\/{rel}","templated":true}]}}