{"id":367063,"date":"2024-09-10T09:29:15","date_gmt":"2024-09-10T16:52:47","guid":{"rendered":"https:\/\/maisoncleo.com\/\/?post_type=product&#038;p=367063"},"modified":"2024-09-10T21:23:31","modified_gmt":"2024-09-10T19:23:31","slug":"la-poupette-defile-look-13-blouse-angele-en-coton-fleurie-avec-bord-en-dentelle","status":"publish","type":"product","link":"https:\/\/maisoncleo.com\/fr\/shop\/la-poupette-defile-look-13-blouse-angele-en-coton-fleurie-avec-bord-en-dentelle\/","title":{"rendered":"LA POUPETTE D\u00c9FIL\u00c9 LOOK 13 &#8211; Blouse Ang\u00e8le en coton fleurie avec bord en dentelle"},"content":{"rendered":"<p>Notre blouse Ang\u00e8le dans une version en coton fleurie avec bord en dentelle. Manches 3\/4 bouffantes, trois liens sur le devant, basque \u00e9lastique niveau taille, grand col avec broderies.<\/p>\n<p>Fabriqu\u00e9e dans un coton fleuri provenant d&rsquo;une maison de Couture fran\u00e7aise.<\/p>\n<p>A porter en ensemble avec notre jupe et fichu!<\/p>\n<p>Longueur : 43 cm.<\/p>\n<p>La mod\u00e8le mesure 1m75 et porte une taille S-36.<\/p>\n","protected":false},"excerpt":{"rendered":"<p>Notre blouse Ang\u00e8le dans une version en coton fleurie avec bord en dentelle. Manches 3\/4 bouffantes, trois liens sur le devant, basque&hellip;<\/p>\n","protected":false},"featured_media":353113,"template":"","meta":[],"product_brand":[],"product_cat":[663,668,661],"product_tag":[],"class_list":{"0":"post-367063","1":"product","2":"type-product","3":"status-publish","4":"has-post-thumbnail","6":"product_cat-blouses","7":"product_cat-capsule","8":"product_cat-tout-voir","9":"pa_taille-l-40-2","10":"pa_taille-m-38-2","11":"pa_taille-s-36-2","12":"pa_taille-sur-mesure-fr-2","13":"pa_taille-xl-42-fr-2","14":"pa_taille-xs-34-2","16":"first","17":"outofstock","18":"taxable","19":"shipping-taxable","20":"purchasable","21":"product-type-variable"},"_links":{"self":[{"href":"https:\/\/maisoncleo.com\/fr\/wp-json\/wp\/v2\/product\/367063","targetHints":{"allow":["GET"]}}],"collection":[{"href":"https:\/\/maisoncleo.com\/fr\/wp-json\/wp\/v2\/product"}],"about":[{"href":"https:\/\/maisoncleo.com\/fr\/wp-json\/wp\/v2\/types\/product"}],"version-history":[{"count":1,"href":"https:\/\/maisoncleo.com\/fr\/wp-json\/wp\/v2\/product\/367063\/revisions"}],"predecessor-version":[{"id":367102,"href":"https:\/\/maisoncleo.com\/fr\/wp-json\/wp\/v2\/product\/367063\/revisions\/367102"}],"wp:featuredmedia":[{"embeddable":true,"href":"https:\/\/maisoncleo.com\/fr\/wp-json\/wp\/v2\/media\/353113"}],"wp:attachment":[{"href":"https:\/\/maisoncleo.com\/fr\/wp-json\/wp\/v2\/media?parent=367063"}],"wp:term":[{"taxonomy":"product_brand","embeddable":true,"href":"https:\/\/maisoncleo.com\/fr\/wp-json\/wp\/v2\/product_brand?post=367063"},{"taxonomy":"product_cat","embeddable":true,"href":"https:\/\/maisoncleo.com\/fr\/wp-json\/wp\/v2\/product_cat?post=367063"},{"taxonomy":"product_tag","embeddable":true,"href":"https:\/\/maisoncleo.com\/fr\/wp-json\/wp\/v2\/product_tag?post=367063"}],"curies":[{"name":"wp","href":"https:\/\/api.w.org\/{rel}","templated":true}]}}