{"id":367062,"date":"2024-09-10T09:29:15","date_gmt":"2024-09-10T16:52:46","guid":{"rendered":"https:\/\/maisoncleo.com\/\/?post_type=product&#038;p=367062"},"modified":"2024-09-10T21:23:30","modified_gmt":"2024-09-10T19:23:30","slug":"la-poupette-defile-look-13-jupe-midi-en-coton-fleurie-deneza-avec-broderies","status":"publish","type":"product","link":"https:\/\/maisoncleo.com\/fr\/shop\/la-poupette-defile-look-13-jupe-midi-en-coton-fleurie-deneza-avec-broderies\/","title":{"rendered":"LA POUPETTE D\u00c9FIL\u00c9 LOOK 13 &#8211; Jupe midi en coton fleurie DENEZA avec broderies"},"content":{"rendered":"<p>Jupe midi en coton fleurie avec broderies. Fabriqu\u00e9e dans un coton fleurie provenant d&rsquo;une maison de Couture fran\u00e7aise. Taille \u00e9lastiqu\u00e9e avec d\u00e9tail de ruban et broderies, broderies dans le bas de la jupe.<\/p>\n<p>A porter en ensemble avec notre blouse et fichu assortis!<\/p>\n<p>Longueur : 74 cm.<\/p>\n<p>La mod\u00e8le mesure 1m75 et porte une taille S-36.<\/p>\n","protected":false},"excerpt":{"rendered":"<p>Jupe midi en coton fleurie avec broderies. Fabriqu\u00e9e dans un coton fleurie provenant d&rsquo;une maison de Couture fran\u00e7aise. Taille \u00e9lastiqu\u00e9e avec d\u00e9tail&hellip;<\/p>\n","protected":false},"featured_media":353095,"template":"","meta":[],"product_brand":[],"product_cat":[671,672,668,661],"product_tag":[],"class_list":{"0":"post-367062","1":"product","2":"type-product","3":"status-publish","4":"has-post-thumbnail","6":"product_cat-defiles","7":"product_cat-jupes","8":"product_cat-capsule","9":"product_cat-tout-voir","10":"pa_taille-l-40-2","11":"pa_taille-m-38-2","12":"pa_taille-s-36-2","13":"pa_taille-sur-mesure-fr-2","14":"pa_taille-xl-42-fr-2","15":"pa_taille-xs-34-2","17":"first","18":"instock","19":"taxable","20":"shipping-taxable","21":"purchasable","22":"product-type-variable"},"_links":{"self":[{"href":"https:\/\/maisoncleo.com\/fr\/wp-json\/wp\/v2\/product\/367062","targetHints":{"allow":["GET"]}}],"collection":[{"href":"https:\/\/maisoncleo.com\/fr\/wp-json\/wp\/v2\/product"}],"about":[{"href":"https:\/\/maisoncleo.com\/fr\/wp-json\/wp\/v2\/types\/product"}],"version-history":[{"count":1,"href":"https:\/\/maisoncleo.com\/fr\/wp-json\/wp\/v2\/product\/367062\/revisions"}],"predecessor-version":[{"id":367088,"href":"https:\/\/maisoncleo.com\/fr\/wp-json\/wp\/v2\/product\/367062\/revisions\/367088"}],"wp:featuredmedia":[{"embeddable":true,"href":"https:\/\/maisoncleo.com\/fr\/wp-json\/wp\/v2\/media\/353095"}],"wp:attachment":[{"href":"https:\/\/maisoncleo.com\/fr\/wp-json\/wp\/v2\/media?parent=367062"}],"wp:term":[{"taxonomy":"product_brand","embeddable":true,"href":"https:\/\/maisoncleo.com\/fr\/wp-json\/wp\/v2\/product_brand?post=367062"},{"taxonomy":"product_cat","embeddable":true,"href":"https:\/\/maisoncleo.com\/fr\/wp-json\/wp\/v2\/product_cat?post=367062"},{"taxonomy":"product_tag","embeddable":true,"href":"https:\/\/maisoncleo.com\/fr\/wp-json\/wp\/v2\/product_tag?post=367062"}],"curies":[{"name":"wp","href":"https:\/\/api.w.org\/{rel}","templated":true}]}}