{"id":367053,"date":"2024-09-10T09:27:43","date_gmt":"2024-09-10T16:52:23","guid":{"rendered":"https:\/\/maisoncleo.com\/\/?post_type=product&#038;p=367053"},"modified":"2025-05-13T12:08:14","modified_gmt":"2025-05-13T10:08:14","slug":"la-poupette-defile-look-8-jupe-midi-kristell-boutonnee-en-coton-blanc-avec-broderies","status":"publish","type":"product","link":"https:\/\/maisoncleo.com\/fr\/shop\/la-poupette-defile-look-8-jupe-midi-kristell-boutonnee-en-coton-blanc-avec-broderies\/","title":{"rendered":"LA POUPETTE D\u00c9FIL\u00c9 LOOK 8 &#8211; Jupe midi KRISTELL boutonn\u00e9e en coton blanc avec broderies"},"content":{"rendered":"<p><span style=\"font-size: 1.7rem;\">Jupe midi boutonn\u00e9e en coton blanc avec broderies. Ruban \u00e0 nouer au niveau de la taille, 5 petits boutons sur le devant, volants dans le bas, fabriqu\u00e9e dans un coton fluide.<\/span><\/p>\n<p><span style=\"font-size: 1.7rem;\">Longueur : 51 cm.<\/span><\/p>\n<p><span style=\"font-size: 1.7rem;\">La mod\u00e8le mesure 1m75 et porte une taille S-36.<\/span><\/p>\n","protected":false},"excerpt":{"rendered":"<p>Jupe midi boutonn\u00e9e en coton blanc avec broderies. Ruban \u00e0 nouer au niveau de la taille, 5 petits boutons sur le devant,&hellip;<\/p>\n","protected":false},"featured_media":353187,"template":"","meta":[],"product_brand":[],"product_cat":[671,672,668,664,661],"product_tag":[],"class_list":{"0":"post-367053","1":"product","2":"type-product","3":"status-publish","4":"has-post-thumbnail","6":"product_cat-defiles","7":"product_cat-jupes","8":"product_cat-capsule","9":"product_cat-robes","10":"product_cat-tout-voir","11":"pa_taille-l-40-2","12":"pa_taille-m-38-2","13":"pa_taille-s-36-2","14":"pa_taille-sur-mesure-fr-2","15":"pa_taille-xl-42-fr-2","16":"pa_taille-xs-34-2","18":"first","19":"instock","20":"taxable","21":"shipping-taxable","22":"purchasable","23":"product-type-variable"},"_links":{"self":[{"href":"https:\/\/maisoncleo.com\/fr\/wp-json\/wp\/v2\/product\/367053","targetHints":{"allow":["GET"]}}],"collection":[{"href":"https:\/\/maisoncleo.com\/fr\/wp-json\/wp\/v2\/product"}],"about":[{"href":"https:\/\/maisoncleo.com\/fr\/wp-json\/wp\/v2\/types\/product"}],"version-history":[{"count":1,"href":"https:\/\/maisoncleo.com\/fr\/wp-json\/wp\/v2\/product\/367053\/revisions"}],"predecessor-version":[{"id":367130,"href":"https:\/\/maisoncleo.com\/fr\/wp-json\/wp\/v2\/product\/367053\/revisions\/367130"}],"wp:featuredmedia":[{"embeddable":true,"href":"https:\/\/maisoncleo.com\/fr\/wp-json\/wp\/v2\/media\/353187"}],"wp:attachment":[{"href":"https:\/\/maisoncleo.com\/fr\/wp-json\/wp\/v2\/media?parent=367053"}],"wp:term":[{"taxonomy":"product_brand","embeddable":true,"href":"https:\/\/maisoncleo.com\/fr\/wp-json\/wp\/v2\/product_brand?post=367053"},{"taxonomy":"product_cat","embeddable":true,"href":"https:\/\/maisoncleo.com\/fr\/wp-json\/wp\/v2\/product_cat?post=367053"},{"taxonomy":"product_tag","embeddable":true,"href":"https:\/\/maisoncleo.com\/fr\/wp-json\/wp\/v2\/product_tag?post=367053"}],"curies":[{"name":"wp","href":"https:\/\/api.w.org\/{rel}","templated":true}]}}