{"id":367052,"date":"2024-09-10T09:27:43","date_gmt":"2024-09-10T16:52:23","guid":{"rendered":"https:\/\/maisoncleo.com\/\/?post_type=product&#038;p=367052"},"modified":"2025-05-13T12:08:14","modified_gmt":"2025-05-13T10:08:14","slug":"la-poupette-defile-look-8-top-juna-sans-manches-avec-broderies-dentelles-juna","status":"publish","type":"product","link":"https:\/\/maisoncleo.com\/fr\/shop\/la-poupette-defile-look-8-top-juna-sans-manches-avec-broderies-dentelles-juna\/","title":{"rendered":"LA POUPETTE D\u00c9FIL\u00c9 LOOK 8 &#8211; Top JUNA sans manches avec broderies dentelles JUNA"},"content":{"rendered":"<p>Top sans manches avec broderies dentelles, lien \u00e0 resserrer dans le bas du top pour un effet bouffant, fermeture avec petits boutons, d\u00e9collet\u00e9 forme carr\u00e9. 100% coton.<\/p>\n<p>A porter en ensemble avec la jupe, ou avec un jean.<\/p>\n<p>Longueur : 36 cm<\/p>\n<p>La mod\u00e8le mesure 1m75 et porte une taille S-36.<\/p>\n","protected":false},"excerpt":{"rendered":"<p>Top sans manches avec broderies dentelles, lien \u00e0 resserrer dans le bas du top pour un effet bouffant, fermeture avec petits boutons,&hellip;<\/p>\n","protected":false},"featured_media":353208,"template":"","meta":[],"product_brand":[],"product_cat":[671,668,674,661],"product_tag":[],"class_list":{"0":"post-367052","1":"product","2":"type-product","3":"status-publish","4":"has-post-thumbnail","6":"product_cat-defiles","7":"product_cat-capsule","8":"product_cat-tops","9":"product_cat-tout-voir","10":"pa_taille-l-40-2","11":"pa_taille-m-38-2","12":"pa_taille-s-36-2","13":"pa_taille-sur-mesure-fr-2","14":"pa_taille-xl-42-fr-2","15":"pa_taille-xs-34-2","17":"first","18":"outofstock","19":"taxable","20":"shipping-taxable","21":"purchasable","22":"product-type-variable"},"_links":{"self":[{"href":"https:\/\/maisoncleo.com\/fr\/wp-json\/wp\/v2\/product\/367052","targetHints":{"allow":["GET"]}}],"collection":[{"href":"https:\/\/maisoncleo.com\/fr\/wp-json\/wp\/v2\/product"}],"about":[{"href":"https:\/\/maisoncleo.com\/fr\/wp-json\/wp\/v2\/types\/product"}],"version-history":[{"count":1,"href":"https:\/\/maisoncleo.com\/fr\/wp-json\/wp\/v2\/product\/367052\/revisions"}],"predecessor-version":[{"id":367131,"href":"https:\/\/maisoncleo.com\/fr\/wp-json\/wp\/v2\/product\/367052\/revisions\/367131"}],"wp:featuredmedia":[{"embeddable":true,"href":"https:\/\/maisoncleo.com\/fr\/wp-json\/wp\/v2\/media\/353208"}],"wp:attachment":[{"href":"https:\/\/maisoncleo.com\/fr\/wp-json\/wp\/v2\/media?parent=367052"}],"wp:term":[{"taxonomy":"product_brand","embeddable":true,"href":"https:\/\/maisoncleo.com\/fr\/wp-json\/wp\/v2\/product_brand?post=367052"},{"taxonomy":"product_cat","embeddable":true,"href":"https:\/\/maisoncleo.com\/fr\/wp-json\/wp\/v2\/product_cat?post=367052"},{"taxonomy":"product_tag","embeddable":true,"href":"https:\/\/maisoncleo.com\/fr\/wp-json\/wp\/v2\/product_tag?post=367052"}],"curies":[{"name":"wp","href":"https:\/\/api.w.org\/{rel}","templated":true}]}}