{"id":367051,"date":"2024-09-10T09:27:43","date_gmt":"2024-09-10T16:52:23","guid":{"rendered":"https:\/\/maisoncleo.com\/\/?post_type=product&#038;p=367051"},"modified":"2024-09-10T21:23:28","modified_gmt":"2024-09-10T19:23:28","slug":"la-poupette-defile-look-12-robe-en-coton-blanc-boutonnee-avec-broderies-et-liens-tiphaine","status":"publish","type":"product","link":"https:\/\/maisoncleo.com\/fr\/shop\/la-poupette-defile-look-12-robe-en-coton-blanc-boutonnee-avec-broderies-et-liens-tiphaine\/","title":{"rendered":"LA POUPETTE D\u00c9FIL\u00c9 LOOK 12 &#8211; Robe en coton blanc boutonn\u00e9e avec broderies et liens TIPHAINE"},"content":{"rendered":"<p>Robe romantique en coton blanc boutonn\u00e9e avec broderies et liens. Robe coupe oversize style vintage \u00e0 resserrer au niveau de la taille si on le souhaite avec un ruban. Petits boutons blancs tout le long de la robe.<\/p>\n<p>100% coton.<\/p>\n<p>Longueur : 78 cm.<\/p>\n<p>La mod\u00e8le mesure 1m75 et porte une taille S-36.<\/p>\n","protected":false},"excerpt":{"rendered":"<p>Robe romantique en coton blanc boutonn\u00e9e avec broderies et liens. Robe coupe oversize style vintage \u00e0 resserrer au niveau de la taille&hellip;<\/p>\n","protected":false},"featured_media":353077,"template":"","meta":[],"product_brand":[],"product_cat":[662,671,668,664,661],"product_tag":[],"class_list":{"0":"post-367051","1":"product","2":"type-product","3":"status-publish","4":"has-post-thumbnail","6":"product_cat-basiques","7":"product_cat-defiles","8":"product_cat-capsule","9":"product_cat-robes","10":"product_cat-tout-voir","11":"pa_taille-l-40-2","12":"pa_taille-m-38-2","13":"pa_taille-s-36-2","14":"pa_taille-sur-mesure-fr-2","15":"pa_taille-xl-42-fr-2","16":"pa_taille-xs-34-2","18":"first","19":"instock","20":"taxable","21":"shipping-taxable","22":"purchasable","23":"product-type-variable"},"_links":{"self":[{"href":"https:\/\/maisoncleo.com\/fr\/wp-json\/wp\/v2\/product\/367051","targetHints":{"allow":["GET"]}}],"collection":[{"href":"https:\/\/maisoncleo.com\/fr\/wp-json\/wp\/v2\/product"}],"about":[{"href":"https:\/\/maisoncleo.com\/fr\/wp-json\/wp\/v2\/types\/product"}],"version-history":[{"count":1,"href":"https:\/\/maisoncleo.com\/fr\/wp-json\/wp\/v2\/product\/367051\/revisions"}],"predecessor-version":[{"id":367087,"href":"https:\/\/maisoncleo.com\/fr\/wp-json\/wp\/v2\/product\/367051\/revisions\/367087"}],"wp:featuredmedia":[{"embeddable":true,"href":"https:\/\/maisoncleo.com\/fr\/wp-json\/wp\/v2\/media\/353077"}],"wp:attachment":[{"href":"https:\/\/maisoncleo.com\/fr\/wp-json\/wp\/v2\/media?parent=367051"}],"wp:term":[{"taxonomy":"product_brand","embeddable":true,"href":"https:\/\/maisoncleo.com\/fr\/wp-json\/wp\/v2\/product_brand?post=367051"},{"taxonomy":"product_cat","embeddable":true,"href":"https:\/\/maisoncleo.com\/fr\/wp-json\/wp\/v2\/product_cat?post=367051"},{"taxonomy":"product_tag","embeddable":true,"href":"https:\/\/maisoncleo.com\/fr\/wp-json\/wp\/v2\/product_tag?post=367051"}],"curies":[{"name":"wp","href":"https:\/\/api.w.org\/{rel}","templated":true}]}}