{"id":367041,"date":"2024-09-10T09:26:17","date_gmt":"2024-09-10T16:52:22","guid":{"rendered":"https:\/\/maisoncleo.com\/\/?post_type=product&#038;p=367041"},"modified":"2024-09-10T21:23:25","modified_gmt":"2024-09-10T19:23:25","slug":"la-poupette-defile-look-13-mini-jupe-jardin-de-fleurs-texturee-jaune-olive-teila","status":"publish","type":"product","link":"https:\/\/maisoncleo.com\/fr\/shop\/la-poupette-defile-look-13-mini-jupe-jardin-de-fleurs-texturee-jaune-olive-teila\/","title":{"rendered":"LA POUPETTE D\u00c9FIL\u00c9 LOOK 13 &#8211; Mini jupe jardin de fleurs textur\u00e9e jaune olive TEILA"},"content":{"rendered":"<p>Mini jupe jardin de fleurs textur\u00e9e jaune olive, tissu en relief provenant d&rsquo;un tissu de Haute-Couture.<\/p>\n<p>Coupe trap\u00e8ze. Fermeture \u00e9clair dans le dos.<\/p>\n<p>Longueur : 35 cm.<\/p>\n<p>La mod\u00e8le mesure 1m75 et porte une taille S-36.<\/p>\n","protected":false},"excerpt":{"rendered":"<p>Mini jupe jardin de fleurs textur\u00e9e jaune olive, tissu en relief provenant d&rsquo;un tissu de Haute-Couture. Coupe trap\u00e8ze. Fermeture \u00e9clair dans le&hellip;<\/p>\n","protected":false},"featured_media":353037,"template":"","meta":[],"product_brand":[],"product_cat":[672,668,661],"product_tag":[],"class_list":{"0":"post-367041","1":"product","2":"type-product","3":"status-publish","4":"has-post-thumbnail","6":"product_cat-jupes","7":"product_cat-capsule","8":"product_cat-tout-voir","9":"pa_taille-l-40-2","10":"pa_taille-m-38-2","11":"pa_taille-s-36-2","12":"pa_taille-sur-mesure-fr-2","13":"pa_taille-xl-42-fr-2","14":"pa_taille-xs-34-2","16":"first","17":"instock","18":"taxable","19":"shipping-taxable","20":"purchasable","21":"product-type-variable"},"_links":{"self":[{"href":"https:\/\/maisoncleo.com\/fr\/wp-json\/wp\/v2\/product\/367041","targetHints":{"allow":["GET"]}}],"collection":[{"href":"https:\/\/maisoncleo.com\/fr\/wp-json\/wp\/v2\/product"}],"about":[{"href":"https:\/\/maisoncleo.com\/fr\/wp-json\/wp\/v2\/types\/product"}],"version-history":[{"count":1,"href":"https:\/\/maisoncleo.com\/fr\/wp-json\/wp\/v2\/product\/367041\/revisions"}],"predecessor-version":[{"id":367074,"href":"https:\/\/maisoncleo.com\/fr\/wp-json\/wp\/v2\/product\/367041\/revisions\/367074"}],"wp:featuredmedia":[{"embeddable":true,"href":"https:\/\/maisoncleo.com\/fr\/wp-json\/wp\/v2\/media\/353037"}],"wp:attachment":[{"href":"https:\/\/maisoncleo.com\/fr\/wp-json\/wp\/v2\/media?parent=367041"}],"wp:term":[{"taxonomy":"product_brand","embeddable":true,"href":"https:\/\/maisoncleo.com\/fr\/wp-json\/wp\/v2\/product_brand?post=367041"},{"taxonomy":"product_cat","embeddable":true,"href":"https:\/\/maisoncleo.com\/fr\/wp-json\/wp\/v2\/product_cat?post=367041"},{"taxonomy":"product_tag","embeddable":true,"href":"https:\/\/maisoncleo.com\/fr\/wp-json\/wp\/v2\/product_tag?post=367041"}],"curies":[{"name":"wp","href":"https:\/\/api.w.org\/{rel}","templated":true}]}}