{"id":367010,"date":"2024-09-10T09:22:57","date_gmt":"2024-09-10T16:51:13","guid":{"rendered":"https:\/\/maisoncleo.com\/\/?post_type=product&#038;p=367010"},"modified":"2024-09-10T21:23:21","modified_gmt":"2024-09-10T19:23:21","slug":"la-poupette-defile-look-17-blouse-noane-en-velours-noir-avec-manches-brodees-fleurs","status":"publish","type":"product","link":"https:\/\/maisoncleo.com\/fr\/shop\/la-poupette-defile-look-17-blouse-noane-en-velours-noir-avec-manches-brodees-fleurs\/","title":{"rendered":"LA POUPETTE D\u00c9FIL\u00c9 LOOK 17 &#8211; Blouse NOANE en velours noir avec manches brod\u00e9es fleurs"},"content":{"rendered":"<p>Blouse en velours de coton noir avec partie en broderie de fleurs sur les manches. Manches bouffantes 3\/4, trois liens sur le devant, basque \u00e9lastiqu\u00e9e au niveau de la grand, grand double col bord\u00e9 de broderies.<\/p>\n<p>Longueur : 43 cm.<\/p>\n<p>La mod\u00e8le mesure 1m75 et porte une taille S-36.<\/p>\n","protected":false},"excerpt":{"rendered":"<p>Blouse en velours de coton noir avec partie en broderie de fleurs sur les manches. Manches bouffantes 3\/4, trois liens sur le&hellip;<\/p>\n","protected":false},"featured_media":352941,"template":"","meta":[],"product_brand":[],"product_cat":[663,671,668,661],"product_tag":[],"class_list":{"0":"post-367010","1":"product","2":"type-product","3":"status-publish","4":"has-post-thumbnail","6":"product_cat-blouses","7":"product_cat-defiles","8":"product_cat-capsule","9":"product_cat-tout-voir","10":"pa_taille-l-40-2","11":"pa_taille-m-38-2","12":"pa_taille-s-36-2","13":"pa_taille-sur-mesure-fr-2","14":"pa_taille-xl-42-fr-2","15":"pa_taille-xs-34-2","17":"first","18":"outofstock","19":"taxable","20":"shipping-taxable","21":"purchasable","22":"product-type-variable"},"_links":{"self":[{"href":"https:\/\/maisoncleo.com\/fr\/wp-json\/wp\/v2\/product\/367010","targetHints":{"allow":["GET"]}}],"collection":[{"href":"https:\/\/maisoncleo.com\/fr\/wp-json\/wp\/v2\/product"}],"about":[{"href":"https:\/\/maisoncleo.com\/fr\/wp-json\/wp\/v2\/types\/product"}],"version-history":[{"count":1,"href":"https:\/\/maisoncleo.com\/fr\/wp-json\/wp\/v2\/product\/367010\/revisions"}],"predecessor-version":[{"id":367040,"href":"https:\/\/maisoncleo.com\/fr\/wp-json\/wp\/v2\/product\/367010\/revisions\/367040"}],"wp:featuredmedia":[{"embeddable":true,"href":"https:\/\/maisoncleo.com\/fr\/wp-json\/wp\/v2\/media\/352941"}],"wp:attachment":[{"href":"https:\/\/maisoncleo.com\/fr\/wp-json\/wp\/v2\/media?parent=367010"}],"wp:term":[{"taxonomy":"product_brand","embeddable":true,"href":"https:\/\/maisoncleo.com\/fr\/wp-json\/wp\/v2\/product_brand?post=367010"},{"taxonomy":"product_cat","embeddable":true,"href":"https:\/\/maisoncleo.com\/fr\/wp-json\/wp\/v2\/product_cat?post=367010"},{"taxonomy":"product_tag","embeddable":true,"href":"https:\/\/maisoncleo.com\/fr\/wp-json\/wp\/v2\/product_tag?post=367010"}],"curies":[{"name":"wp","href":"https:\/\/api.w.org\/{rel}","templated":true}]}}