{"id":366993,"date":"2024-09-10T09:22:01","date_gmt":"2024-09-10T16:50:49","guid":{"rendered":"https:\/\/maisoncleo.com\/\/?post_type=product&#038;p=366993"},"modified":"2024-09-10T21:23:17","modified_gmt":"2024-09-10T19:23:17","slug":"la-poupette-defile-look-18-robe-solena-boule-en-denim-de-coton-blanc","status":"publish","type":"product","link":"https:\/\/maisoncleo.com\/fr\/shop\/la-poupette-defile-look-18-robe-solena-boule-en-denim-de-coton-blanc\/","title":{"rendered":"LA POUPETTE D\u00c9FIL\u00c9 LOOK 18 &#8211; Robe SOLENA boule en denim de coton blanc"},"content":{"rendered":"<p>Robe boule en denim de cotton blanc. Bretelles larges asym\u00e9triques, coupe droite, fermeture \u00e9clair dans le dos, fente bas, taille \u00e9lastiqu\u00e9e invers\u00e9e mise dans le bas, ce qui donne cet effet boule, avec passants. Poches c\u00f4t\u00e9s.<br \/>\n100% coton.<\/p>\n<p>La mod\u00e8le mesure 1m75 et porte une taille S-36.<\/p>\n","protected":false},"excerpt":{"rendered":"<p>Robe boule en denim de cotton blanc. Bretelles larges asym\u00e9triques, coupe droite, fermeture \u00e9clair dans le dos, fente bas, taille \u00e9lastiqu\u00e9e invers\u00e9e&hellip;<\/p>\n","protected":false},"featured_media":352898,"template":"","meta":[],"product_brand":[],"product_cat":[668,664,661],"product_tag":[],"class_list":{"0":"post-366993","1":"product","2":"type-product","3":"status-publish","4":"has-post-thumbnail","6":"product_cat-capsule","7":"product_cat-robes","8":"product_cat-tout-voir","9":"pa_taille-l-40-2","10":"pa_taille-m-38-2","11":"pa_taille-s-36-2","12":"pa_taille-sur-mesure-fr-2","13":"pa_taille-xl-42-fr-2","14":"pa_taille-xs-34-2","16":"first","17":"instock","18":"taxable","19":"shipping-taxable","20":"purchasable","21":"product-type-variable"},"_links":{"self":[{"href":"https:\/\/maisoncleo.com\/fr\/wp-json\/wp\/v2\/product\/366993","targetHints":{"allow":["GET"]}}],"collection":[{"href":"https:\/\/maisoncleo.com\/fr\/wp-json\/wp\/v2\/product"}],"about":[{"href":"https:\/\/maisoncleo.com\/fr\/wp-json\/wp\/v2\/types\/product"}],"version-history":[{"count":1,"href":"https:\/\/maisoncleo.com\/fr\/wp-json\/wp\/v2\/product\/366993\/revisions"}],"predecessor-version":[{"id":367012,"href":"https:\/\/maisoncleo.com\/fr\/wp-json\/wp\/v2\/product\/366993\/revisions\/367012"}],"wp:featuredmedia":[{"embeddable":true,"href":"https:\/\/maisoncleo.com\/fr\/wp-json\/wp\/v2\/media\/352898"}],"wp:attachment":[{"href":"https:\/\/maisoncleo.com\/fr\/wp-json\/wp\/v2\/media?parent=366993"}],"wp:term":[{"taxonomy":"product_brand","embeddable":true,"href":"https:\/\/maisoncleo.com\/fr\/wp-json\/wp\/v2\/product_brand?post=366993"},{"taxonomy":"product_cat","embeddable":true,"href":"https:\/\/maisoncleo.com\/fr\/wp-json\/wp\/v2\/product_cat?post=366993"},{"taxonomy":"product_tag","embeddable":true,"href":"https:\/\/maisoncleo.com\/fr\/wp-json\/wp\/v2\/product_tag?post=366993"}],"curies":[{"name":"wp","href":"https:\/\/api.w.org\/{rel}","templated":true}]}}