{"id":366945,"date":"2024-09-10T09:16:16","date_gmt":"2024-09-10T07:16:16","guid":{"rendered":"https:\/\/maisoncleo.com\/\/?post_type=product&#038;p=366945"},"modified":"2024-09-10T21:23:10","modified_gmt":"2024-09-10T19:23:10","slug":"la-poupette-defile-look-22-top-en-jersey-beige-gwenola-manches-volantees-asymetriques","status":"publish","type":"product","link":"https:\/\/maisoncleo.com\/fr\/shop\/la-poupette-defile-look-22-top-en-jersey-beige-gwenola-manches-volantees-asymetriques\/","title":{"rendered":"LA POUPETTE D\u00c9FIL\u00c9 LOOK 22 &#8211; Top en jersey beige GWENOLA manches volant\u00e9es asym\u00e9triques"},"content":{"rendered":"<p>Top en jersey beige avec manches volant\u00e9es asym\u00e9triques et finition en point bourdon.<\/p>\n<p>Liens en satin de soie \u00e0 nouer sur le d\u00e9collet\u00e9.<br \/>\nA porter en ensemble avec notre jupe midi en jersey beige pour un perfect match! &lt;3<\/p>\n<p>La mod\u00e8le mesure 1m75 et porte une taille S-36.<\/p>\n","protected":false},"excerpt":{"rendered":"<p>Top en jersey beige avec manches volant\u00e9es asym\u00e9triques et finition en point bourdon. Liens en satin de soie \u00e0 nouer sur le&hellip;<\/p>\n","protected":false},"featured_media":352785,"template":"","meta":[],"product_brand":[],"product_cat":[671,668,674,661],"product_tag":[],"class_list":{"0":"post-366945","1":"product","2":"type-product","3":"status-publish","4":"has-post-thumbnail","6":"product_cat-defiles","7":"product_cat-capsule","8":"product_cat-tops","9":"product_cat-tout-voir","10":"pa_taille-l-40-2","11":"pa_taille-m-38-2","12":"pa_taille-s-36-2","13":"pa_taille-sur-mesure-fr-2","14":"pa_taille-xl-42-fr-2","15":"pa_taille-xs-34-2","17":"first","18":"outofstock","19":"taxable","20":"shipping-taxable","21":"purchasable","22":"product-type-variable"},"_links":{"self":[{"href":"https:\/\/maisoncleo.com\/fr\/wp-json\/wp\/v2\/product\/366945","targetHints":{"allow":["GET"]}}],"collection":[{"href":"https:\/\/maisoncleo.com\/fr\/wp-json\/wp\/v2\/product"}],"about":[{"href":"https:\/\/maisoncleo.com\/fr\/wp-json\/wp\/v2\/types\/product"}],"version-history":[{"count":1,"href":"https:\/\/maisoncleo.com\/fr\/wp-json\/wp\/v2\/product\/366945\/revisions"}],"predecessor-version":[{"id":366979,"href":"https:\/\/maisoncleo.com\/fr\/wp-json\/wp\/v2\/product\/366945\/revisions\/366979"}],"wp:featuredmedia":[{"embeddable":true,"href":"https:\/\/maisoncleo.com\/fr\/wp-json\/wp\/v2\/media\/352785"}],"wp:attachment":[{"href":"https:\/\/maisoncleo.com\/fr\/wp-json\/wp\/v2\/media?parent=366945"}],"wp:term":[{"taxonomy":"product_brand","embeddable":true,"href":"https:\/\/maisoncleo.com\/fr\/wp-json\/wp\/v2\/product_brand?post=366945"},{"taxonomy":"product_cat","embeddable":true,"href":"https:\/\/maisoncleo.com\/fr\/wp-json\/wp\/v2\/product_cat?post=366945"},{"taxonomy":"product_tag","embeddable":true,"href":"https:\/\/maisoncleo.com\/fr\/wp-json\/wp\/v2\/product_tag?post=366945"}],"curies":[{"name":"wp","href":"https:\/\/api.w.org\/{rel}","templated":true}]}}