{"id":366936,"date":"2024-09-10T09:14:26","date_gmt":"2024-09-10T16:49:38","guid":{"rendered":"https:\/\/maisoncleo.com\/\/?post_type=product&#038;p=366936"},"modified":"2024-09-10T21:23:08","modified_gmt":"2024-09-10T19:23:08","slug":"la-poupette-defile-look-23-sac-gaetan-en-crochet-beige-et-dore-a-fleurs","status":"publish","type":"product","link":"https:\/\/maisoncleo.com\/fr\/shop\/la-poupette-defile-look-23-sac-gaetan-en-crochet-beige-et-dore-a-fleurs\/","title":{"rendered":"LA POUPETTE D\u00c9FIL\u00c9 LOOK 23 &#8211; Sac GAETAN en crochet beige et dor\u00e9 \u00e0 fleurs"},"content":{"rendered":"<p>Sac en crochet beige et dor\u00e9 brillant avec formes de fleurs.<\/p>\n<p>A porter \u00e0 l&rsquo;\u00e9paule ou \u00e0 la main \u00e0 votre guise.<\/p>\n<p>A porter en ensemble avec notre robe en crochet fleuri beige et dor\u00e9 pour un duo parfait!<\/p>\n","protected":false},"excerpt":{"rendered":"<p>Sac en crochet beige et dor\u00e9 brillant avec formes de fleurs. A porter \u00e0 l&rsquo;\u00e9paule ou \u00e0 la main \u00e0 votre guise.&hellip;<\/p>\n","protected":false},"featured_media":352759,"template":"","meta":[],"product_brand":[],"product_cat":[651,671,668,652,661],"product_tag":[],"class_list":{"0":"post-366936","1":"product","2":"type-product","3":"status-publish","4":"has-post-thumbnail","6":"product_cat-accessoires","7":"product_cat-defiles","8":"product_cat-capsule","9":"product_cat-sacs","10":"product_cat-tout-voir","12":"first","13":"instock","14":"taxable","15":"shipping-taxable","16":"purchasable","17":"product-type-variable"},"_links":{"self":[{"href":"https:\/\/maisoncleo.com\/fr\/wp-json\/wp\/v2\/product\/366936","targetHints":{"allow":["GET"]}}],"collection":[{"href":"https:\/\/maisoncleo.com\/fr\/wp-json\/wp\/v2\/product"}],"about":[{"href":"https:\/\/maisoncleo.com\/fr\/wp-json\/wp\/v2\/types\/product"}],"version-history":[{"count":1,"href":"https:\/\/maisoncleo.com\/fr\/wp-json\/wp\/v2\/product\/366936\/revisions"}],"predecessor-version":[{"id":366964,"href":"https:\/\/maisoncleo.com\/fr\/wp-json\/wp\/v2\/product\/366936\/revisions\/366964"}],"wp:featuredmedia":[{"embeddable":true,"href":"https:\/\/maisoncleo.com\/fr\/wp-json\/wp\/v2\/media\/352759"}],"wp:attachment":[{"href":"https:\/\/maisoncleo.com\/fr\/wp-json\/wp\/v2\/media?parent=366936"}],"wp:term":[{"taxonomy":"product_brand","embeddable":true,"href":"https:\/\/maisoncleo.com\/fr\/wp-json\/wp\/v2\/product_brand?post=366936"},{"taxonomy":"product_cat","embeddable":true,"href":"https:\/\/maisoncleo.com\/fr\/wp-json\/wp\/v2\/product_cat?post=366936"},{"taxonomy":"product_tag","embeddable":true,"href":"https:\/\/maisoncleo.com\/fr\/wp-json\/wp\/v2\/product_tag?post=366936"}],"curies":[{"name":"wp","href":"https:\/\/api.w.org\/{rel}","templated":true}]}}