{"id":366935,"date":"2024-09-10T09:14:26","date_gmt":"2024-09-10T16:49:38","guid":{"rendered":"https:\/\/maisoncleo.com\/\/?post_type=product&#038;p=366935"},"modified":"2024-09-10T21:23:07","modified_gmt":"2024-09-10T19:23:07","slug":"la-poupette-defile-look-23-robe-lenaig-en-crochet-fleurie-beige-et-doree-brillante","status":"publish","type":"product","link":"https:\/\/maisoncleo.com\/fr\/shop\/la-poupette-defile-look-23-robe-lenaig-en-crochet-fleurie-beige-et-doree-brillante\/","title":{"rendered":"LA POUPETTE D\u00c9FIL\u00c9 LOOK 23 &#8211; Robe LENAIG en crochet fleurie beige et dor\u00e9e brillante"},"content":{"rendered":"<p><span style=\"font-size: 1.7rem;\">Robe en crochet fleurie beige et dor\u00e9e brillante. Fabriqu\u00e9e dans un tissu en\u00a0<\/span>crochet<span style=\"font-size: 1.7rem;\">\u00a0deux tons beige et dor\u00e9 avec formes de fleurs. Cette robe sera\u00a0<\/span>parfaite<span style=\"font-size: 1.7rem;\">\u00a0pour la journ\u00e9e (en vacances ou \u00e0 la plage) ou en soir\u00e9e! Larges bretelles, longueur mini. Peut \u00eatre\u00a0<\/span>port\u00e9e avec son sac en crochet assorti.<\/p>\n<p>La mod\u00e8le mesure 1m75 et porte une taille S-36.<\/p>\n","protected":false},"excerpt":{"rendered":"<p>Robe en crochet fleurie beige et dor\u00e9e brillante. Fabriqu\u00e9e dans un tissu en\u00a0crochet\u00a0deux tons beige et dor\u00e9 avec formes de fleurs. Cette&hellip;<\/p>\n","protected":false},"featured_media":352754,"template":"","meta":[],"product_brand":[],"product_cat":[671,668,664,661],"product_tag":[],"class_list":{"0":"post-366935","1":"product","2":"type-product","3":"status-publish","4":"has-post-thumbnail","6":"product_cat-defiles","7":"product_cat-capsule","8":"product_cat-robes","9":"product_cat-tout-voir","10":"pa_taille-l-40-2","11":"pa_taille-m-38-2","12":"pa_taille-s-36-2","13":"pa_taille-sur-mesure-fr-2","14":"pa_taille-xl-42-fr-2","15":"pa_taille-xs-34-2","17":"first","18":"instock","19":"taxable","20":"shipping-taxable","21":"purchasable","22":"product-type-variable"},"_links":{"self":[{"href":"https:\/\/maisoncleo.com\/fr\/wp-json\/wp\/v2\/product\/366935","targetHints":{"allow":["GET"]}}],"collection":[{"href":"https:\/\/maisoncleo.com\/fr\/wp-json\/wp\/v2\/product"}],"about":[{"href":"https:\/\/maisoncleo.com\/fr\/wp-json\/wp\/v2\/types\/product"}],"version-history":[{"count":1,"href":"https:\/\/maisoncleo.com\/fr\/wp-json\/wp\/v2\/product\/366935\/revisions"}],"predecessor-version":[{"id":366963,"href":"https:\/\/maisoncleo.com\/fr\/wp-json\/wp\/v2\/product\/366935\/revisions\/366963"}],"wp:featuredmedia":[{"embeddable":true,"href":"https:\/\/maisoncleo.com\/fr\/wp-json\/wp\/v2\/media\/352754"}],"wp:attachment":[{"href":"https:\/\/maisoncleo.com\/fr\/wp-json\/wp\/v2\/media?parent=366935"}],"wp:term":[{"taxonomy":"product_brand","embeddable":true,"href":"https:\/\/maisoncleo.com\/fr\/wp-json\/wp\/v2\/product_brand?post=366935"},{"taxonomy":"product_cat","embeddable":true,"href":"https:\/\/maisoncleo.com\/fr\/wp-json\/wp\/v2\/product_cat?post=366935"},{"taxonomy":"product_tag","embeddable":true,"href":"https:\/\/maisoncleo.com\/fr\/wp-json\/wp\/v2\/product_tag?post=366935"}],"curies":[{"name":"wp","href":"https:\/\/api.w.org\/{rel}","templated":true}]}}