{"id":366893,"date":"2024-09-10T09:09:52","date_gmt":"2024-09-10T07:09:52","guid":{"rendered":"https:\/\/maisoncleo.com\/\/?post_type=product&#038;p=366893"},"modified":"2024-09-10T21:23:03","modified_gmt":"2024-09-10T19:23:03","slug":"la-poupette-defile-look-25-veste-ivona-en-fausse-fourrure-oversize-beige","status":"publish","type":"product","link":"https:\/\/maisoncleo.com\/fr\/shop\/la-poupette-defile-look-25-veste-ivona-en-fausse-fourrure-oversize-beige\/","title":{"rendered":"LA POUPETTE D\u00c9FIL\u00c9 LOOK 25 &#8211; Veste IVONA en fausse fourrure oversize beige"},"content":{"rendered":"<p>Veste en fausse fourrure oversize beige, manches longues.<\/p>\n<p>On adore son c\u00f4t\u00e9 doux et agr\u00e9able au toucher. Longueur crop qui arrive juste en dessous de la taille. Poches de chaque c\u00f4t\u00e9. Fermeture avec des crochets beige du m\u00eame ton.<\/p>\n<p>Longueur : 45 cm.<\/p>\n<p>La mod\u00e8le mesure 1m75 et porte une taille S-36.<\/p>\n","protected":false},"excerpt":{"rendered":"<p>Veste en fausse fourrure oversize beige, manches longues. On adore son c\u00f4t\u00e9 doux et agr\u00e9able au toucher. Longueur crop qui arrive juste&hellip;<\/p>\n","protected":false},"featured_media":352714,"template":"","meta":[],"product_brand":[],"product_cat":[671,668,661,665],"product_tag":[],"class_list":{"0":"post-366893","1":"product","2":"type-product","3":"status-publish","4":"has-post-thumbnail","6":"product_cat-defiles","7":"product_cat-capsule","8":"product_cat-tout-voir","9":"product_cat-vestes-manteaux","10":"pa_taille-l-40-2","11":"pa_taille-m-38-2","12":"pa_taille-s-36-2","13":"pa_taille-sur-mesure-fr-2","14":"pa_taille-xl-42-fr-2","15":"pa_taille-xs-34-2","17":"first","18":"outofstock","19":"taxable","20":"shipping-taxable","21":"purchasable","22":"product-type-variable"},"_links":{"self":[{"href":"https:\/\/maisoncleo.com\/fr\/wp-json\/wp\/v2\/product\/366893","targetHints":{"allow":["GET"]}}],"collection":[{"href":"https:\/\/maisoncleo.com\/fr\/wp-json\/wp\/v2\/product"}],"about":[{"href":"https:\/\/maisoncleo.com\/fr\/wp-json\/wp\/v2\/types\/product"}],"version-history":[{"count":1,"href":"https:\/\/maisoncleo.com\/fr\/wp-json\/wp\/v2\/product\/366893\/revisions"}],"predecessor-version":[{"id":366947,"href":"https:\/\/maisoncleo.com\/fr\/wp-json\/wp\/v2\/product\/366893\/revisions\/366947"}],"wp:featuredmedia":[{"embeddable":true,"href":"https:\/\/maisoncleo.com\/fr\/wp-json\/wp\/v2\/media\/352714"}],"wp:attachment":[{"href":"https:\/\/maisoncleo.com\/fr\/wp-json\/wp\/v2\/media?parent=366893"}],"wp:term":[{"taxonomy":"product_brand","embeddable":true,"href":"https:\/\/maisoncleo.com\/fr\/wp-json\/wp\/v2\/product_brand?post=366893"},{"taxonomy":"product_cat","embeddable":true,"href":"https:\/\/maisoncleo.com\/fr\/wp-json\/wp\/v2\/product_cat?post=366893"},{"taxonomy":"product_tag","embeddable":true,"href":"https:\/\/maisoncleo.com\/fr\/wp-json\/wp\/v2\/product_tag?post=366893"}],"curies":[{"name":"wp","href":"https:\/\/api.w.org\/{rel}","templated":true}]}}