{"id":366884,"date":"2024-09-10T09:09:25","date_gmt":"2024-09-10T16:48:29","guid":{"rendered":"https:\/\/maisoncleo.com\/\/?post_type=product&#038;p=366884"},"modified":"2024-09-10T21:23:24","modified_gmt":"2024-09-10T19:23:24","slug":"la-poupette-defile-look-15-chapeau-en-denim-bleu-marine-pois-blanc-grand-format","status":"publish","type":"product","link":"https:\/\/maisoncleo.com\/fr\/shop\/la-poupette-defile-look-15-chapeau-en-denim-bleu-marine-pois-blanc-grand-format\/","title":{"rendered":"LA POUPETTE D\u00c9FIL\u00c9 LOOK 15 &#8211; Chapeau en denim bleu marine pois blanc grand format"},"content":{"rendered":"<p><span style=\"font-size: 1.7rem;\">Chapeau en denim bleu marine avec pois blancs imperm\u00e9ables. Tissu provenant d&rsquo;une maison de Couture fran\u00e7aise.<\/span><\/p>\n<p><span style=\"font-size: 1.7rem;\">Grand format du d\u00e9fil\u00e9. Existe aussi en petit format.<\/span><\/p>\n","protected":false},"excerpt":{"rendered":"<p>Chapeau en denim bleu marine avec pois blancs imperm\u00e9ables. Tissu provenant d&rsquo;une maison de Couture fran\u00e7aise. Grand format du d\u00e9fil\u00e9. Existe aussi&hellip;<\/p>\n","protected":false},"featured_media":353009,"template":"","meta":[],"product_brand":[],"product_cat":[651,656,668,661],"product_tag":[],"class_list":{"0":"post-366884","1":"product","2":"type-product","3":"status-publish","4":"has-post-thumbnail","6":"product_cat-accessoires","7":"product_cat-accessoires-cheveux","8":"product_cat-capsule","9":"product_cat-tout-voir","10":"pa_taille-taille-unique-2","12":"first","13":"instock","14":"taxable","15":"shipping-taxable","16":"purchasable","17":"product-type-variable"},"_links":{"self":[{"href":"https:\/\/maisoncleo.com\/fr\/wp-json\/wp\/v2\/product\/366884","targetHints":{"allow":["GET"]}}],"collection":[{"href":"https:\/\/maisoncleo.com\/fr\/wp-json\/wp\/v2\/product"}],"about":[{"href":"https:\/\/maisoncleo.com\/fr\/wp-json\/wp\/v2\/types\/product"}],"version-history":[{"count":1,"href":"https:\/\/maisoncleo.com\/fr\/wp-json\/wp\/v2\/product\/366884\/revisions"}],"predecessor-version":[{"id":367060,"href":"https:\/\/maisoncleo.com\/fr\/wp-json\/wp\/v2\/product\/366884\/revisions\/367060"}],"wp:featuredmedia":[{"embeddable":true,"href":"https:\/\/maisoncleo.com\/fr\/wp-json\/wp\/v2\/media\/353009"}],"wp:attachment":[{"href":"https:\/\/maisoncleo.com\/fr\/wp-json\/wp\/v2\/media?parent=366884"}],"wp:term":[{"taxonomy":"product_brand","embeddable":true,"href":"https:\/\/maisoncleo.com\/fr\/wp-json\/wp\/v2\/product_brand?post=366884"},{"taxonomy":"product_cat","embeddable":true,"href":"https:\/\/maisoncleo.com\/fr\/wp-json\/wp\/v2\/product_cat?post=366884"},{"taxonomy":"product_tag","embeddable":true,"href":"https:\/\/maisoncleo.com\/fr\/wp-json\/wp\/v2\/product_tag?post=366884"}],"curies":[{"name":"wp","href":"https:\/\/api.w.org\/{rel}","templated":true}]}}