{"id":366868,"date":"2024-09-10T09:08:02","date_gmt":"2024-09-10T16:48:06","guid":{"rendered":"https:\/\/maisoncleo.com\/\/?post_type=product&#038;p=366868"},"modified":"2025-05-30T20:34:45","modified_gmt":"2025-05-30T18:34:45","slug":"la-poupette-defile-look-30-robe-longue-sirene-tristana-tricotee-noire-avec-fil-a-sequins","status":"publish","type":"product","link":"https:\/\/maisoncleo.com\/fr\/shop\/la-poupette-defile-look-30-robe-longue-sirene-tristana-tricotee-noire-avec-fil-a-sequins\/","title":{"rendered":"LA POUPETTE D\u00c9FIL\u00c9 LOOK 30 &#8211; Robe longue sir\u00e8ne TRISTANA tricot\u00e9e noire avec fil \u00e0 sequins"},"content":{"rendered":"<p>Robe longue sir\u00e8ne tricot\u00e9e noire avec fil \u00e0 sequins. Avec ses fines bretelles et son d\u00e9collet\u00e9 arrondi, sa forme sir\u00e8ne assure une coupe flatteuse pour s&rsquo;ajuster naturellement sur vos courbes. Finitions inspiration queue de sir\u00e8ne, fente sur chaque c\u00f4t\u00e9.<\/p>\n<p>Robe \u00e0 envoyer sur la NASA car elle brille comme les \u00e9toiles &lt;3<\/p>\n<p>La mod\u00e8le mesure 1m75 et porte une taille S-36.<\/p>\n","protected":false},"excerpt":{"rendered":"<p>Robe longue sir\u00e8ne tricot\u00e9e noire avec fil \u00e0 sequins. Avec ses fines bretelles et son d\u00e9collet\u00e9 arrondi, sa forme sir\u00e8ne assure une&hellip;<\/p>\n","protected":false},"featured_media":352586,"template":"","meta":[],"product_brand":[],"product_cat":[671,666,668,664,661],"product_tag":[],"class_list":{"0":"post-366868","1":"product","2":"type-product","3":"status-publish","4":"has-post-thumbnail","6":"product_cat-defiles","7":"product_cat-mailles","8":"product_cat-capsule","9":"product_cat-robes","10":"product_cat-tout-voir","11":"pa_taille-l-40-2","12":"pa_taille-m-38-2","13":"pa_taille-s-36-2","14":"pa_taille-sur-mesure-fr-2","15":"pa_taille-xl-42-fr-2","16":"pa_taille-xs-34-2","18":"first","19":"instock","20":"taxable","21":"shipping-taxable","22":"purchasable","23":"product-type-variable"},"_links":{"self":[{"href":"https:\/\/maisoncleo.com\/fr\/wp-json\/wp\/v2\/product\/366868","targetHints":{"allow":["GET"]}}],"collection":[{"href":"https:\/\/maisoncleo.com\/fr\/wp-json\/wp\/v2\/product"}],"about":[{"href":"https:\/\/maisoncleo.com\/fr\/wp-json\/wp\/v2\/types\/product"}],"version-history":[{"count":1,"href":"https:\/\/maisoncleo.com\/fr\/wp-json\/wp\/v2\/product\/366868\/revisions"}],"predecessor-version":[{"id":366899,"href":"https:\/\/maisoncleo.com\/fr\/wp-json\/wp\/v2\/product\/366868\/revisions\/366899"}],"wp:featuredmedia":[{"embeddable":true,"href":"https:\/\/maisoncleo.com\/fr\/wp-json\/wp\/v2\/media\/352586"}],"wp:attachment":[{"href":"https:\/\/maisoncleo.com\/fr\/wp-json\/wp\/v2\/media?parent=366868"}],"wp:term":[{"taxonomy":"product_brand","embeddable":true,"href":"https:\/\/maisoncleo.com\/fr\/wp-json\/wp\/v2\/product_brand?post=366868"},{"taxonomy":"product_cat","embeddable":true,"href":"https:\/\/maisoncleo.com\/fr\/wp-json\/wp\/v2\/product_cat?post=366868"},{"taxonomy":"product_tag","embeddable":true,"href":"https:\/\/maisoncleo.com\/fr\/wp-json\/wp\/v2\/product_tag?post=366868"}],"curies":[{"name":"wp","href":"https:\/\/api.w.org\/{rel}","templated":true}]}}