{"id":366845,"date":"2024-09-10T09:05:20","date_gmt":"2024-09-10T16:47:22","guid":{"rendered":"https:\/\/maisoncleo.com\/\/?post_type=product&#038;p=366845"},"modified":"2024-09-10T21:22:55","modified_gmt":"2024-09-10T19:22:55","slug":"la-poupette-defile-look-31-veste-malo-en-fausse-fourrure-blanche-et-noire","status":"publish","type":"product","link":"https:\/\/maisoncleo.com\/fr\/shop\/la-poupette-defile-look-31-veste-malo-en-fausse-fourrure-blanche-et-noire\/","title":{"rendered":"LA POUPETTE D\u00c9FIL\u00c9 LOOK 31 &#8211; Veste MALO en fausse fourrure blanche et noire"},"content":{"rendered":"<p>Veste en fausse fourrure blanche et noire, on adore le c\u00f4t\u00e9 doux irresistible du toucher de cette veste &lt;3<\/p>\n<p>La veste est l\u00e9g\u00e8rement courte et arrive un peu en dessous de la taille. Poches de chaque c\u00f4t\u00e9 pour garder les mains au chaud.<\/p>\n<p>Fausse fourrure provenant d&rsquo;une maison de Haute-Couture fran\u00e7aise.<\/p>\n<p>Longueur : 45 cm.<\/p>\n<p>La mod\u00e8le mesure 1m75 et porte une taille S-36.<\/p>\n","protected":false},"excerpt":{"rendered":"<p>Veste en fausse fourrure blanche et noire, on adore le c\u00f4t\u00e9 doux irresistible du toucher de cette veste &lt;3 La veste est&hellip;<\/p>\n","protected":false},"featured_media":352572,"template":"","meta":[],"product_brand":[],"product_cat":[666,668,674,661],"product_tag":[],"class_list":{"0":"post-366845","1":"product","2":"type-product","3":"status-publish","4":"has-post-thumbnail","6":"product_cat-mailles","7":"product_cat-capsule","8":"product_cat-tops","9":"product_cat-tout-voir","10":"pa_taille-l-40-2","11":"pa_taille-m-38-2","12":"pa_taille-s-36-2","13":"pa_taille-sur-mesure-fr-2","14":"pa_taille-xl-42-fr-2","15":"pa_taille-xs-34-2","17":"first","18":"outofstock","19":"taxable","20":"shipping-taxable","21":"purchasable","22":"product-type-variable"},"_links":{"self":[{"href":"https:\/\/maisoncleo.com\/fr\/wp-json\/wp\/v2\/product\/366845","targetHints":{"allow":["GET"]}}],"collection":[{"href":"https:\/\/maisoncleo.com\/fr\/wp-json\/wp\/v2\/product"}],"about":[{"href":"https:\/\/maisoncleo.com\/fr\/wp-json\/wp\/v2\/types\/product"}],"version-history":[{"count":1,"href":"https:\/\/maisoncleo.com\/fr\/wp-json\/wp\/v2\/product\/366845\/revisions"}],"predecessor-version":[{"id":366878,"href":"https:\/\/maisoncleo.com\/fr\/wp-json\/wp\/v2\/product\/366845\/revisions\/366878"}],"wp:featuredmedia":[{"embeddable":true,"href":"https:\/\/maisoncleo.com\/fr\/wp-json\/wp\/v2\/media\/352572"}],"wp:attachment":[{"href":"https:\/\/maisoncleo.com\/fr\/wp-json\/wp\/v2\/media?parent=366845"}],"wp:term":[{"taxonomy":"product_brand","embeddable":true,"href":"https:\/\/maisoncleo.com\/fr\/wp-json\/wp\/v2\/product_brand?post=366845"},{"taxonomy":"product_cat","embeddable":true,"href":"https:\/\/maisoncleo.com\/fr\/wp-json\/wp\/v2\/product_cat?post=366845"},{"taxonomy":"product_tag","embeddable":true,"href":"https:\/\/maisoncleo.com\/fr\/wp-json\/wp\/v2\/product_tag?post=366845"}],"curies":[{"name":"wp","href":"https:\/\/api.w.org\/{rel}","templated":true}]}}