{"id":366844,"date":"2024-09-10T09:05:20","date_gmt":"2024-09-10T07:05:20","guid":{"rendered":"https:\/\/maisoncleo.com\/\/?post_type=product&#038;p=366844"},"modified":"2024-12-15T19:06:44","modified_gmt":"2024-12-15T17:06:44","slug":"la-poupette-defile-look-16-robe-natasha-en-denim-marine-et-pois-blancs","status":"publish","type":"product","link":"https:\/\/maisoncleo.com\/fr\/shop\/la-poupette-defile-look-16-robe-natasha-en-denim-marine-et-pois-blancs\/","title":{"rendered":"LA POUPETTE D\u00c9FIL\u00c9 LOOK 16 &#8211; Robe NATASHA en denim marine et pois blancs"},"content":{"rendered":"<p>Notre robe Natasha en version denim bleu marine et pois blancs imperm\u00e9ables. Tissu provenant d&rsquo;une maison de Couture fran\u00e7aise.<\/p>\n<p>Coupe trap\u00e8ze, col rond, fermeture \u00e9clair dans le dos, jupe pliss\u00e9e.<\/p>\n<p>Longueur : 80 cm.<\/p>\n<p>La mod\u00e8le mesure 1m75 et porte une taille S-36.<\/p>\n","protected":false},"excerpt":{"rendered":"<p>Notre robe Natasha en version denim bleu marine et pois blancs imperm\u00e9ables. Tissu provenant d&rsquo;une maison de Couture fran\u00e7aise. Coupe trap\u00e8ze, col&hellip;<\/p>\n","protected":false},"featured_media":353000,"template":"","meta":[],"product_brand":[],"product_cat":[671,668,664,661],"product_tag":[],"class_list":{"0":"post-366844","1":"product","2":"type-product","3":"status-publish","4":"has-post-thumbnail","6":"product_cat-defiles","7":"product_cat-capsule","8":"product_cat-robes","9":"product_cat-tout-voir","10":"pa_taille-l-40-2","11":"pa_taille-m-38-2","12":"pa_taille-s-36-2","13":"pa_taille-sur-mesure-fr-2","14":"pa_taille-xl-42-fr-2","15":"pa_taille-xs-34-2","17":"first","18":"instock","19":"taxable","20":"shipping-taxable","21":"purchasable","22":"product-type-variable"},"_links":{"self":[{"href":"https:\/\/maisoncleo.com\/fr\/wp-json\/wp\/v2\/product\/366844","targetHints":{"allow":["GET"]}}],"collection":[{"href":"https:\/\/maisoncleo.com\/fr\/wp-json\/wp\/v2\/product"}],"about":[{"href":"https:\/\/maisoncleo.com\/fr\/wp-json\/wp\/v2\/types\/product"}],"version-history":[{"count":1,"href":"https:\/\/maisoncleo.com\/fr\/wp-json\/wp\/v2\/product\/366844\/revisions"}],"predecessor-version":[{"id":367059,"href":"https:\/\/maisoncleo.com\/fr\/wp-json\/wp\/v2\/product\/366844\/revisions\/367059"}],"wp:featuredmedia":[{"embeddable":true,"href":"https:\/\/maisoncleo.com\/fr\/wp-json\/wp\/v2\/media\/353000"}],"wp:attachment":[{"href":"https:\/\/maisoncleo.com\/fr\/wp-json\/wp\/v2\/media?parent=366844"}],"wp:term":[{"taxonomy":"product_brand","embeddable":true,"href":"https:\/\/maisoncleo.com\/fr\/wp-json\/wp\/v2\/product_brand?post=366844"},{"taxonomy":"product_cat","embeddable":true,"href":"https:\/\/maisoncleo.com\/fr\/wp-json\/wp\/v2\/product_cat?post=366844"},{"taxonomy":"product_tag","embeddable":true,"href":"https:\/\/maisoncleo.com\/fr\/wp-json\/wp\/v2\/product_tag?post=366844"}],"curies":[{"name":"wp","href":"https:\/\/api.w.org\/{rel}","templated":true}]}}