{"id":366836,"date":"2024-09-10T09:05:20","date_gmt":"2024-09-10T16:47:21","guid":{"rendered":"https:\/\/maisoncleo.com\/\/?post_type=product&#038;p=366836"},"modified":"2024-09-10T21:22:57","modified_gmt":"2024-09-10T19:22:57","slug":"la-poupette-defile-look-29-robe-yanna-dos-nu-transparente-noire-en-dentelle","status":"publish","type":"product","link":"https:\/\/maisoncleo.com\/fr\/shop\/la-poupette-defile-look-29-robe-yanna-dos-nu-transparente-noire-en-dentelle\/","title":{"rendered":"LA POUPETTE D\u00c9FIL\u00c9 LOOK 29 &#8211; Robe YANNA dos nu transparente noire en dentelle"},"content":{"rendered":"<p>Robe dos nu transparente noire en dentelle, fabriqu\u00e9e dans une dentelle de Calais tr\u00e8s fine d\u00e9licate avec trois couches. Embrassera votre silhouette et vos courbes naturelles. Audacieuse, sexy, assum\u00e9e.<\/p>\n<p>Lien en satin de soie noir \u00e0 nouer dans le dos du cou. Bas en \u00e9tages de points bourdons volants. Petit noeud en satin noir sur le d\u00e9collet\u00e9.<\/p>\n<p>D&rsquo;un rendez-vous intimiste \u00e0 une soir\u00e9e dansante, la sc\u00e8ne est \u00e0 vous.<\/p>\n<p>La mod\u00e8le mesure 1m75 et porte une taille S-36.<\/p>\n","protected":false},"excerpt":{"rendered":"<p>Robe dos nu transparente noire en dentelle, fabriqu\u00e9e dans une dentelle de Calais tr\u00e8s fine d\u00e9licate avec trois couches. Embrassera votre silhouette&hellip;<\/p>\n","protected":false},"featured_media":352608,"template":"","meta":[],"product_brand":[],"product_cat":[671,668,664,661],"product_tag":[],"class_list":{"0":"post-366836","1":"product","2":"type-product","3":"status-publish","4":"has-post-thumbnail","6":"product_cat-defiles","7":"product_cat-capsule","8":"product_cat-robes","9":"product_cat-tout-voir","10":"pa_taille-l-40-2","11":"pa_taille-m-38-2","12":"pa_taille-s-36-2","13":"pa_taille-sur-mesure-fr-2","14":"pa_taille-xl-42-fr-2","15":"pa_taille-xs-34-2","17":"first","18":"instock","19":"taxable","20":"shipping-taxable","21":"purchasable","22":"product-type-variable"},"_links":{"self":[{"href":"https:\/\/maisoncleo.com\/fr\/wp-json\/wp\/v2\/product\/366836","targetHints":{"allow":["GET"]}}],"collection":[{"href":"https:\/\/maisoncleo.com\/fr\/wp-json\/wp\/v2\/product"}],"about":[{"href":"https:\/\/maisoncleo.com\/fr\/wp-json\/wp\/v2\/types\/product"}],"version-history":[{"count":1,"href":"https:\/\/maisoncleo.com\/fr\/wp-json\/wp\/v2\/product\/366836\/revisions"}],"predecessor-version":[{"id":366900,"href":"https:\/\/maisoncleo.com\/fr\/wp-json\/wp\/v2\/product\/366836\/revisions\/366900"}],"wp:featuredmedia":[{"embeddable":true,"href":"https:\/\/maisoncleo.com\/fr\/wp-json\/wp\/v2\/media\/352608"}],"wp:attachment":[{"href":"https:\/\/maisoncleo.com\/fr\/wp-json\/wp\/v2\/media?parent=366836"}],"wp:term":[{"taxonomy":"product_brand","embeddable":true,"href":"https:\/\/maisoncleo.com\/fr\/wp-json\/wp\/v2\/product_brand?post=366836"},{"taxonomy":"product_cat","embeddable":true,"href":"https:\/\/maisoncleo.com\/fr\/wp-json\/wp\/v2\/product_cat?post=366836"},{"taxonomy":"product_tag","embeddable":true,"href":"https:\/\/maisoncleo.com\/fr\/wp-json\/wp\/v2\/product_tag?post=366836"}],"curies":[{"name":"wp","href":"https:\/\/api.w.org\/{rel}","templated":true}]}}