{"id":366835,"date":"2024-09-10T09:05:19","date_gmt":"2024-09-10T16:47:21","guid":{"rendered":"https:\/\/maisoncleo.com\/\/?post_type=product&#038;p=366835"},"modified":"2024-09-10T21:23:50","modified_gmt":"2024-09-10T19:23:50","slug":"la-poupette-defile-look-2-robe-aela-en-dentelle-fleurie-blanche-petit-noeud-perle","status":"publish","type":"product","link":"https:\/\/maisoncleo.com\/fr\/shop\/la-poupette-defile-look-2-robe-aela-en-dentelle-fleurie-blanche-petit-noeud-perle\/","title":{"rendered":"LA POUPETTE D\u00c9FIL\u00c9 LOOK 2 &#8211; Robe AELA en dentelle fleurie blanche petit noeud perle"},"content":{"rendered":"<p>Inspir\u00e9e de l&rsquo;abondance de l&rsquo;utilisation de la dentelle dans les costumes traditionnels Breton. Robe en dentelle fleurie blanche, petit noeud perle sur le devant, liens en satin de soie ivoire \u00e0 nouer dans le dos.<\/p>\n<p>Longueur : 75cm<\/p>\n<p>La mod\u00e8le mesure 1m75 et porte une taille S-36.<\/p>\n","protected":false},"excerpt":{"rendered":"<p>Inspir\u00e9e de l&rsquo;abondance de l&rsquo;utilisation de la dentelle dans les costumes traditionnels Breton. Robe en dentelle fleurie blanche, petit noeud perle sur&hellip;<\/p>\n","protected":false},"featured_media":353375,"template":"","meta":[],"product_brand":[],"product_cat":[671,958,668,664,661],"product_tag":[],"class_list":{"0":"post-366835","1":"product","2":"type-product","3":"status-publish","4":"has-post-thumbnail","6":"product_cat-defiles","7":"product_cat-mariage-selection","8":"product_cat-capsule","9":"product_cat-robes","10":"product_cat-tout-voir","11":"pa_taille-l-40-2","12":"pa_taille-m-38-2","13":"pa_taille-s-36-2","14":"pa_taille-sur-mesure-fr-2","15":"pa_taille-xl-42-fr-2","16":"pa_taille-xs-34-2","18":"first","19":"instock","20":"taxable","21":"shipping-taxable","22":"purchasable","23":"product-type-variable"},"_links":{"self":[{"href":"https:\/\/maisoncleo.com\/fr\/wp-json\/wp\/v2\/product\/366835","targetHints":{"allow":["GET"]}}],"collection":[{"href":"https:\/\/maisoncleo.com\/fr\/wp-json\/wp\/v2\/product"}],"about":[{"href":"https:\/\/maisoncleo.com\/fr\/wp-json\/wp\/v2\/types\/product"}],"version-history":[{"count":1,"href":"https:\/\/maisoncleo.com\/fr\/wp-json\/wp\/v2\/product\/366835\/revisions"}],"predecessor-version":[{"id":367208,"href":"https:\/\/maisoncleo.com\/fr\/wp-json\/wp\/v2\/product\/366835\/revisions\/367208"}],"wp:featuredmedia":[{"embeddable":true,"href":"https:\/\/maisoncleo.com\/fr\/wp-json\/wp\/v2\/media\/353375"}],"wp:attachment":[{"href":"https:\/\/maisoncleo.com\/fr\/wp-json\/wp\/v2\/media?parent=366835"}],"wp:term":[{"taxonomy":"product_brand","embeddable":true,"href":"https:\/\/maisoncleo.com\/fr\/wp-json\/wp\/v2\/product_brand?post=366835"},{"taxonomy":"product_cat","embeddable":true,"href":"https:\/\/maisoncleo.com\/fr\/wp-json\/wp\/v2\/product_cat?post=366835"},{"taxonomy":"product_tag","embeddable":true,"href":"https:\/\/maisoncleo.com\/fr\/wp-json\/wp\/v2\/product_tag?post=366835"}],"curies":[{"name":"wp","href":"https:\/\/api.w.org\/{rel}","templated":true}]}}