{"id":366834,"date":"2024-09-10T09:05:19","date_gmt":"2024-09-10T16:47:21","guid":{"rendered":"https:\/\/maisoncleo.com\/\/?post_type=product&#038;p=366834"},"modified":"2024-09-10T21:22:50","modified_gmt":"2024-09-10T19:22:50","slug":"la-poupette-defile-look-32-robe-longue-noire-gwendal-a-paillettes-bas-dentelle","status":"publish","type":"product","link":"https:\/\/maisoncleo.com\/fr\/shop\/la-poupette-defile-look-32-robe-longue-noire-gwendal-a-paillettes-bas-dentelle\/","title":{"rendered":"LA POUPETTE D\u00c9FIL\u00c9 LOOK 32 &#8211; Robe longue noire GWENDAL \u00e0 paillettes bas dentelle"},"content":{"rendered":"<p>Robe longue noire \u00e0 paillettes bas dentelle. Tissu de Haute-Couture brillant, tr\u00e8s doux au toucher. Robe ajust\u00e9e, fermeture \u00e9clair invisible sur le c\u00f4t\u00e9, tour de cou \u00e9lastiqu\u00e9. Bord en dentelle de Calais dans le bas. \u00a0A porter en ensemble avec notre bandeau en dentelle.<\/p>\n<p>Une robe type cocktail, parfaite pour les \u00e9v\u00e9nements du soir.<\/p>\n<p>La mod\u00e8le mesure 1m75 et porte une taille S-36.<\/p>\n","protected":false},"excerpt":{"rendered":"<p>Robe longue noire \u00e0 paillettes bas dentelle. Tissu de Haute-Couture brillant, tr\u00e8s doux au toucher. Robe ajust\u00e9e, fermeture \u00e9clair invisible sur le&hellip;<\/p>\n","protected":false},"featured_media":352519,"template":"","meta":[],"product_brand":[],"product_cat":[671,668,664,661],"product_tag":[],"class_list":{"0":"post-366834","1":"product","2":"type-product","3":"status-publish","4":"has-post-thumbnail","6":"product_cat-defiles","7":"product_cat-capsule","8":"product_cat-robes","9":"product_cat-tout-voir","10":"pa_taille-l-40-2","11":"pa_taille-m-38-2","12":"pa_taille-s-36-2","13":"pa_taille-sur-mesure-fr-2","14":"pa_taille-xl-42-fr-2","15":"pa_taille-xs-34-2","17":"first","18":"instock","19":"taxable","20":"shipping-taxable","21":"purchasable","22":"product-type-variable"},"_links":{"self":[{"href":"https:\/\/maisoncleo.com\/fr\/wp-json\/wp\/v2\/product\/366834","targetHints":{"allow":["GET"]}}],"collection":[{"href":"https:\/\/maisoncleo.com\/fr\/wp-json\/wp\/v2\/product"}],"about":[{"href":"https:\/\/maisoncleo.com\/fr\/wp-json\/wp\/v2\/types\/product"}],"version-history":[{"count":1,"href":"https:\/\/maisoncleo.com\/fr\/wp-json\/wp\/v2\/product\/366834\/revisions"}],"predecessor-version":[{"id":366862,"href":"https:\/\/maisoncleo.com\/fr\/wp-json\/wp\/v2\/product\/366834\/revisions\/366862"}],"wp:featuredmedia":[{"embeddable":true,"href":"https:\/\/maisoncleo.com\/fr\/wp-json\/wp\/v2\/media\/352519"}],"wp:attachment":[{"href":"https:\/\/maisoncleo.com\/fr\/wp-json\/wp\/v2\/media?parent=366834"}],"wp:term":[{"taxonomy":"product_brand","embeddable":true,"href":"https:\/\/maisoncleo.com\/fr\/wp-json\/wp\/v2\/product_brand?post=366834"},{"taxonomy":"product_cat","embeddable":true,"href":"https:\/\/maisoncleo.com\/fr\/wp-json\/wp\/v2\/product_cat?post=366834"},{"taxonomy":"product_tag","embeddable":true,"href":"https:\/\/maisoncleo.com\/fr\/wp-json\/wp\/v2\/product_tag?post=366834"}],"curies":[{"name":"wp","href":"https:\/\/api.w.org\/{rel}","templated":true}]}}