{"id":366824,"date":"2024-09-10T09:03:56","date_gmt":"2024-09-10T16:46:59","guid":{"rendered":"https:\/\/maisoncleo.com\/\/?post_type=product&#038;p=366824"},"modified":"2024-09-10T21:28:19","modified_gmt":"2024-09-10T19:28:19","slug":"robe-longue-romantique-morane-en-soie-imprime-petites-marguerites","status":"publish","type":"product","link":"https:\/\/maisoncleo.com\/fr\/shop\/robe-longue-romantique-morane-en-soie-imprime-petites-marguerites\/","title":{"rendered":"Robe longue romantique MORANE en soie imprim\u00e9 petites marguerites"},"content":{"rendered":"<p>Vous l&rsquo;adoriez, la voici de retour dans une nouvelle soie jacquard!<\/p>\n<p>Robe longue romantique en soie imprim\u00e9 fleuri petites marguerites.<\/p>\n<p>Manches courtes bouffantes \u00e9lastiques, d\u00e9collet\u00e9 montant se fermant avec un lien dans le haut du cou, d\u00e9coupe au niveau de la poitrine. Coupe ajust\u00e9e et fluide dans le bas avec une finition traditionnelle en point bourdon. Fermeture \u00e9clair invisible sur le c\u00f4t\u00e9.<\/p>\n<p>La mod\u00e8le mesure 1m74 et porte une taille S-36.<\/p>\n","protected":false},"excerpt":{"rendered":"<p>Vous l&rsquo;adoriez, la voici de retour dans une nouvelle soie jacquard! Robe longue romantique en soie imprim\u00e9 fleuri petites marguerites. Manches courtes&hellip;<\/p>\n","protected":false},"featured_media":356431,"template":"","meta":[],"product_brand":[],"product_cat":[958,668,664,661],"product_tag":[],"class_list":{"0":"post-366824","1":"product","2":"type-product","3":"status-publish","4":"has-post-thumbnail","6":"product_cat-mariage-selection","7":"product_cat-capsule","8":"product_cat-robes","9":"product_cat-tout-voir","10":"pa_taille-l-40-2","11":"pa_taille-m-38-2","12":"pa_taille-s-36-2","13":"pa_taille-sur-mesure-fr-2","14":"pa_taille-xl-42-fr-2","15":"pa_taille-xs-34-2","17":"first","18":"outofstock","19":"taxable","20":"shipping-taxable","21":"purchasable","22":"product-type-variable"},"_links":{"self":[{"href":"https:\/\/maisoncleo.com\/fr\/wp-json\/wp\/v2\/product\/366824","targetHints":{"allow":["GET"]}}],"collection":[{"href":"https:\/\/maisoncleo.com\/fr\/wp-json\/wp\/v2\/product"}],"about":[{"href":"https:\/\/maisoncleo.com\/fr\/wp-json\/wp\/v2\/types\/product"}],"version-history":[{"count":1,"href":"https:\/\/maisoncleo.com\/fr\/wp-json\/wp\/v2\/product\/366824\/revisions"}],"predecessor-version":[{"id":368544,"href":"https:\/\/maisoncleo.com\/fr\/wp-json\/wp\/v2\/product\/366824\/revisions\/368544"}],"wp:featuredmedia":[{"embeddable":true,"href":"https:\/\/maisoncleo.com\/fr\/wp-json\/wp\/v2\/media\/356431"}],"wp:attachment":[{"href":"https:\/\/maisoncleo.com\/fr\/wp-json\/wp\/v2\/media?parent=366824"}],"wp:term":[{"taxonomy":"product_brand","embeddable":true,"href":"https:\/\/maisoncleo.com\/fr\/wp-json\/wp\/v2\/product_brand?post=366824"},{"taxonomy":"product_cat","embeddable":true,"href":"https:\/\/maisoncleo.com\/fr\/wp-json\/wp\/v2\/product_cat?post=366824"},{"taxonomy":"product_tag","embeddable":true,"href":"https:\/\/maisoncleo.com\/fr\/wp-json\/wp\/v2\/product_tag?post=366824"}],"curies":[{"name":"wp","href":"https:\/\/api.w.org\/{rel}","templated":true}]}}