{"id":366822,"date":"2024-09-10T09:03:56","date_gmt":"2024-09-10T16:46:58","guid":{"rendered":"https:\/\/maisoncleo.com\/\/?post_type=product&#038;p=366822"},"modified":"2024-09-10T21:23:46","modified_gmt":"2024-09-10T19:23:46","slug":"la-poupette-defile-look-3-jupe-midi-soie-fleurie-blanche-avec-dentelle-aelwenn","status":"publish","type":"product","link":"https:\/\/maisoncleo.com\/fr\/shop\/la-poupette-defile-look-3-jupe-midi-soie-fleurie-blanche-avec-dentelle-aelwenn\/","title":{"rendered":"LA POUPETTE D\u00c9FIL\u00c9 LOOK 3 &#8211; Jupe midi soie fleurie blanche avec dentelle AELWENN"},"content":{"rendered":"<p>Jupe midi l\u00e9g\u00e8rement \u00e9vas\u00e9e dans le bas, tissu en soie fleuri blanc, bord\u00e9e de dentelle dans le bas, taille \u00e9lastiqu\u00e9e.<\/p>\n<p>Longueur : 83 cm<\/p>\n<p>La mod\u00e8le mesure 1m75 et porte une taille S-36.<\/p>\n","protected":false},"excerpt":{"rendered":"<p>Jupe midi l\u00e9g\u00e8rement \u00e9vas\u00e9e dans le bas, tissu en soie fleuri blanc, bord\u00e9e de dentelle dans le bas, taille \u00e9lastiqu\u00e9e. Longueur :&hellip;<\/p>\n","protected":false},"featured_media":353340,"template":"","meta":[],"product_brand":[],"product_cat":[671,672,668,661],"product_tag":[],"class_list":{"0":"post-366822","1":"product","2":"type-product","3":"status-publish","4":"has-post-thumbnail","6":"product_cat-defiles","7":"product_cat-jupes","8":"product_cat-capsule","9":"product_cat-tout-voir","10":"pa_taille-l-40-2","11":"pa_taille-m-38-2","12":"pa_taille-s-36-2","13":"pa_taille-sur-mesure-fr-2","14":"pa_taille-xl-42-fr-2","15":"pa_taille-xs-34-2","17":"first","18":"outofstock","19":"taxable","20":"shipping-taxable","21":"purchasable","22":"product-type-variable"},"_links":{"self":[{"href":"https:\/\/maisoncleo.com\/fr\/wp-json\/wp\/v2\/product\/366822","targetHints":{"allow":["GET"]}}],"collection":[{"href":"https:\/\/maisoncleo.com\/fr\/wp-json\/wp\/v2\/product"}],"about":[{"href":"https:\/\/maisoncleo.com\/fr\/wp-json\/wp\/v2\/types\/product"}],"version-history":[{"count":1,"href":"https:\/\/maisoncleo.com\/fr\/wp-json\/wp\/v2\/product\/366822\/revisions"}],"predecessor-version":[{"id":367192,"href":"https:\/\/maisoncleo.com\/fr\/wp-json\/wp\/v2\/product\/366822\/revisions\/367192"}],"wp:featuredmedia":[{"embeddable":true,"href":"https:\/\/maisoncleo.com\/fr\/wp-json\/wp\/v2\/media\/353340"}],"wp:attachment":[{"href":"https:\/\/maisoncleo.com\/fr\/wp-json\/wp\/v2\/media?parent=366822"}],"wp:term":[{"taxonomy":"product_brand","embeddable":true,"href":"https:\/\/maisoncleo.com\/fr\/wp-json\/wp\/v2\/product_brand?post=366822"},{"taxonomy":"product_cat","embeddable":true,"href":"https:\/\/maisoncleo.com\/fr\/wp-json\/wp\/v2\/product_cat?post=366822"},{"taxonomy":"product_tag","embeddable":true,"href":"https:\/\/maisoncleo.com\/fr\/wp-json\/wp\/v2\/product_tag?post=366822"}],"curies":[{"name":"wp","href":"https:\/\/api.w.org\/{rel}","templated":true}]}}