{"id":366788,"date":"2024-09-10T09:03:06","date_gmt":"2024-09-10T07:03:06","guid":{"rendered":"https:\/\/maisoncleo.com\/\/?post_type=product&#038;p=366788"},"modified":"2024-09-10T21:23:05","modified_gmt":"2024-09-10T19:23:05","slug":"la-poupette-defile-look-24-mini-robe-rozenn-en-jersey-beige-avec-details","status":"publish","type":"product","link":"https:\/\/maisoncleo.com\/fr\/shop\/la-poupette-defile-look-24-mini-robe-rozenn-en-jersey-beige-avec-details\/","title":{"rendered":"LA POUPETTE D\u00c9FIL\u00c9 LOOK 24 &#8211; Mini robe ROZENN en jersey beige avec d\u00e9tails"},"content":{"rendered":"<p>Mini robe en jersey beige avec d\u00e9tails. D\u00e9tails de plis asym\u00e9triques avec deux bretelles diff\u00e9rentes : une beige volant\u00e9e, l&rsquo;autre habill\u00e9e d&rsquo;un noeud en satin beige avec une perle.<\/p>\n<p>Coupe ajust\u00e9e, tissu en jersey beige.<\/p>\n<p>La mod\u00e8le mesure 1m75 et porte une taille S-36.<\/p>\n","protected":false},"excerpt":{"rendered":"<p>Mini robe en jersey beige avec d\u00e9tails. D\u00e9tails de plis asym\u00e9triques avec deux bretelles diff\u00e9rentes : une beige volant\u00e9e, l&rsquo;autre habill\u00e9e d&rsquo;un&hellip;<\/p>\n","protected":false},"featured_media":352735,"template":"","meta":[],"product_brand":[],"product_cat":[671,668,664,661],"product_tag":[],"class_list":{"0":"post-366788","1":"product","2":"type-product","3":"status-publish","4":"has-post-thumbnail","6":"product_cat-defiles","7":"product_cat-capsule","8":"product_cat-robes","9":"product_cat-tout-voir","10":"pa_taille-l-40-2","11":"pa_taille-m-38-2","12":"pa_taille-s-36-2","13":"pa_taille-sur-mesure-fr-2","14":"pa_taille-xl-42-fr-2","15":"pa_taille-xs-34-2","17":"first","18":"outofstock","19":"taxable","20":"shipping-taxable","21":"purchasable","22":"product-type-variable"},"_links":{"self":[{"href":"https:\/\/maisoncleo.com\/fr\/wp-json\/wp\/v2\/product\/366788","targetHints":{"allow":["GET"]}}],"collection":[{"href":"https:\/\/maisoncleo.com\/fr\/wp-json\/wp\/v2\/product"}],"about":[{"href":"https:\/\/maisoncleo.com\/fr\/wp-json\/wp\/v2\/types\/product"}],"version-history":[{"count":1,"href":"https:\/\/maisoncleo.com\/fr\/wp-json\/wp\/v2\/product\/366788\/revisions"}],"predecessor-version":[{"id":366948,"href":"https:\/\/maisoncleo.com\/fr\/wp-json\/wp\/v2\/product\/366788\/revisions\/366948"}],"wp:featuredmedia":[{"embeddable":true,"href":"https:\/\/maisoncleo.com\/fr\/wp-json\/wp\/v2\/media\/352735"}],"wp:attachment":[{"href":"https:\/\/maisoncleo.com\/fr\/wp-json\/wp\/v2\/media?parent=366788"}],"wp:term":[{"taxonomy":"product_brand","embeddable":true,"href":"https:\/\/maisoncleo.com\/fr\/wp-json\/wp\/v2\/product_brand?post=366788"},{"taxonomy":"product_cat","embeddable":true,"href":"https:\/\/maisoncleo.com\/fr\/wp-json\/wp\/v2\/product_cat?post=366788"},{"taxonomy":"product_tag","embeddable":true,"href":"https:\/\/maisoncleo.com\/fr\/wp-json\/wp\/v2\/product_tag?post=366788"}],"curies":[{"name":"wp","href":"https:\/\/api.w.org\/{rel}","templated":true}]}}