{"id":366786,"date":"2024-09-10T09:02:09","date_gmt":"2024-09-10T16:45:16","guid":{"rendered":"https:\/\/maisoncleo.com\/\/?post_type=product&#038;p=366786"},"modified":"2024-09-10T21:22:47","modified_gmt":"2024-09-10T19:22:47","slug":"la-poupette-defile-look-35-robe-de-mariee-tablier-dentelle-ewen-en-coton-blanc","status":"publish","type":"product","link":"https:\/\/maisoncleo.com\/fr\/shop\/la-poupette-defile-look-35-robe-de-mariee-tablier-dentelle-ewen-en-coton-blanc\/","title":{"rendered":"LA POUPETTE D\u00c9FIL\u00c9 LOOK 35 &#8211; Robe de mari\u00e9e tablier dentelle EWEN en coton blanc"},"content":{"rendered":"<p>Robe de mari\u00e9e tablier dentelle en coton blanc, d\u00e9collet\u00e9 en dentelle plongeant ouverts sur le c\u00f4t\u00e9, fermeture liens c\u00f4t\u00e9 et dans le haut du cou. Jupe style tablier bord\u00e9 de dentelle, deux petits noeuds avec des roses blanches au niveau de la taille, longue tra\u00eene arri\u00e8re bord\u00e9e de dentelle. C\u00f4t\u00e9s de la jupe ajustables avec des liens.<\/p>\n<p>A porter pour le jour J ou pour une journ\u00e9e d&rsquo;enterrement de jeune fille inoubliable.<\/p>\n<p>Tenue 100% \u00ab\u00a0Oui je le veux\u00a0\u00bb &lt;3<\/p>\n<p>La mod\u00e8le mesure 1m75 et porte une taille S\/36.<\/p>\n","protected":false},"excerpt":{"rendered":"<p>Robe de mari\u00e9e tablier dentelle en coton blanc, d\u00e9collet\u00e9 en dentelle plongeant ouverts sur le c\u00f4t\u00e9, fermeture liens c\u00f4t\u00e9 et dans le&hellip;<\/p>\n","protected":false},"featured_media":352434,"template":"","meta":[],"product_brand":[],"product_cat":[958,668,664,661],"product_tag":[],"class_list":{"0":"post-366786","1":"product","2":"type-product","3":"status-publish","4":"has-post-thumbnail","6":"product_cat-mariage-selection","7":"product_cat-capsule","8":"product_cat-robes","9":"product_cat-tout-voir","10":"pa_taille-l-40-2","11":"pa_taille-m-38-2","12":"pa_taille-s-36-2","13":"pa_taille-sur-mesure-fr-2","14":"pa_taille-xl-42-fr-2","15":"pa_taille-xs-34-2","17":"first","18":"instock","19":"taxable","20":"shipping-taxable","21":"purchasable","22":"product-type-variable"},"_links":{"self":[{"href":"https:\/\/maisoncleo.com\/fr\/wp-json\/wp\/v2\/product\/366786","targetHints":{"allow":["GET"]}}],"collection":[{"href":"https:\/\/maisoncleo.com\/fr\/wp-json\/wp\/v2\/product"}],"about":[{"href":"https:\/\/maisoncleo.com\/fr\/wp-json\/wp\/v2\/types\/product"}],"version-history":[{"count":1,"href":"https:\/\/maisoncleo.com\/fr\/wp-json\/wp\/v2\/product\/366786\/revisions"}],"predecessor-version":[{"id":366831,"href":"https:\/\/maisoncleo.com\/fr\/wp-json\/wp\/v2\/product\/366786\/revisions\/366831"}],"wp:featuredmedia":[{"embeddable":true,"href":"https:\/\/maisoncleo.com\/fr\/wp-json\/wp\/v2\/media\/352434"}],"wp:attachment":[{"href":"https:\/\/maisoncleo.com\/fr\/wp-json\/wp\/v2\/media?parent=366786"}],"wp:term":[{"taxonomy":"product_brand","embeddable":true,"href":"https:\/\/maisoncleo.com\/fr\/wp-json\/wp\/v2\/product_brand?post=366786"},{"taxonomy":"product_cat","embeddable":true,"href":"https:\/\/maisoncleo.com\/fr\/wp-json\/wp\/v2\/product_cat?post=366786"},{"taxonomy":"product_tag","embeddable":true,"href":"https:\/\/maisoncleo.com\/fr\/wp-json\/wp\/v2\/product_tag?post=366786"}],"curies":[{"name":"wp","href":"https:\/\/api.w.org\/{rel}","templated":true}]}}