{"id":366769,"date":"2024-09-10T08:58:15","date_gmt":"2024-09-10T16:44:24","guid":{"rendered":"https:\/\/maisoncleo.com\/\/?post_type=product&#038;p=366769"},"modified":"2024-09-10T21:22:44","modified_gmt":"2024-09-10T19:22:44","slug":"mini-jupe-en-coton-denim-avec-poches-arrondies","status":"publish","type":"product","link":"https:\/\/maisoncleo.com\/fr\/shop\/mini-jupe-en-coton-denim-avec-poches-arrondies\/","title":{"rendered":"Mini jupe en coton denim avec poches arrondies"},"content":{"rendered":"<p>Mini jupe en coton denim avec poches arrondies, d\u00e9tail de surpiq\u00fbres, d\u00e9coupes, 2 poches avant. Fermeture \u00e9clair sur le devant, un bouton sur le devant, cinq passants de ceinture. Coupe l\u00e9g\u00e8rement trap\u00e8ze. 100% coton.<\/p>\n<p>Nous pouvons seulement faire 8 jupes dans ce tissu.<\/p>\n<p>Longueur \u00e0 plat: 35 cm.<\/p>\n","protected":false},"excerpt":{"rendered":"<p>Mini jupe en coton denim avec poches arrondies, d\u00e9tail de surpiq\u00fbres, d\u00e9coupes, 2 poches avant. Fermeture \u00e9clair sur le devant, un bouton&hellip;<\/p>\n","protected":false},"featured_media":352412,"template":"","meta":[],"product_brand":[],"product_cat":[667,672,668,661],"product_tag":[],"class_list":{"0":"post-366769","1":"product","2":"type-product","3":"status-publish","4":"has-post-thumbnail","6":"product_cat-dernieres-pieces","7":"product_cat-jupes","8":"product_cat-capsule","9":"product_cat-tout-voir","10":"pa_taille-l-40-2","11":"pa_taille-m-38-2","12":"pa_taille-s-36-2","13":"pa_taille-sur-mesure-fr-2","14":"pa_taille-xl-42-fr-2","15":"pa_taille-xs-34-2","17":"first","18":"instock","19":"taxable","20":"shipping-taxable","21":"purchasable","22":"product-type-variable"},"_links":{"self":[{"href":"https:\/\/maisoncleo.com\/fr\/wp-json\/wp\/v2\/product\/366769","targetHints":{"allow":["GET"]}}],"collection":[{"href":"https:\/\/maisoncleo.com\/fr\/wp-json\/wp\/v2\/product"}],"about":[{"href":"https:\/\/maisoncleo.com\/fr\/wp-json\/wp\/v2\/types\/product"}],"version-history":[{"count":1,"href":"https:\/\/maisoncleo.com\/fr\/wp-json\/wp\/v2\/product\/366769\/revisions"}],"predecessor-version":[{"id":366813,"href":"https:\/\/maisoncleo.com\/fr\/wp-json\/wp\/v2\/product\/366769\/revisions\/366813"}],"wp:featuredmedia":[{"embeddable":true,"href":"https:\/\/maisoncleo.com\/fr\/wp-json\/wp\/v2\/media\/352412"}],"wp:attachment":[{"href":"https:\/\/maisoncleo.com\/fr\/wp-json\/wp\/v2\/media?parent=366769"}],"wp:term":[{"taxonomy":"product_brand","embeddable":true,"href":"https:\/\/maisoncleo.com\/fr\/wp-json\/wp\/v2\/product_brand?post=366769"},{"taxonomy":"product_cat","embeddable":true,"href":"https:\/\/maisoncleo.com\/fr\/wp-json\/wp\/v2\/product_cat?post=366769"},{"taxonomy":"product_tag","embeddable":true,"href":"https:\/\/maisoncleo.com\/fr\/wp-json\/wp\/v2\/product_tag?post=366769"}],"curies":[{"name":"wp","href":"https:\/\/api.w.org\/{rel}","templated":true}]}}