{"id":366726,"date":"2024-09-10T08:48:32","date_gmt":"2024-09-10T16:43:13","guid":{"rendered":"https:\/\/maisoncleo.com\/\/?post_type=product&#038;p=366726"},"modified":"2024-09-10T21:22:38","modified_gmt":"2024-09-10T19:22:38","slug":"le-pack-cute-maisoncleo-x-yolaine-paris-blouse-angele-rouge-a-levres-daphne-pinceau-accessoire-cheveux","status":"publish","type":"product","link":"https:\/\/maisoncleo.com\/fr\/shop\/le-pack-cute-maisoncleo-x-yolaine-paris-blouse-angele-rouge-a-levres-daphne-pinceau-accessoire-cheveux\/","title":{"rendered":"\u00ab\u00a0Le Pack Cute\u00a0\u00bb : MAISONCL\u00c9O X YOLAINE PARIS : Blouse Ang\u00e8le + rouge \u00e0 l\u00e8vres Daphn\u00e9 + pinceau + accessoire cheveux"},"content":{"rendered":"<p>La collaboration la plus f\u00e9minine de la rentr\u00e9e entre MaisonCl\u00e9o et Yolaine Paris!<\/p>\n<p>Yolaine Paris est une marque fond\u00e9e par la muse parisienne Camille Yolaine, incarnation de la \u00ab\u00a0beaut\u00e9 \u00e0 la fran\u00e7aise\u00a0\u00bb. Elle a fond\u00e9e une ligne de maquillage fabriqu\u00e9 en Italie inspir\u00e9e par le monde de la peinture et du vintage.<\/p>\n<p>Nos styles sont similaires donc nous nous sommes r\u00e9unies ici en cr\u00e9ant 3 packs pour la rentr\u00e9e : Le pack basique, le pack cute, et le pack sexy. Choisissez le votre!<\/p>\n<p>Le pack cute :<\/p>\n<p>Est compos\u00e9 de :<\/p>\n<ul>\n<li>&#8211; La blouse Ang\u00e8le \u00e0 motifs fleuris framboise, manches 3\/4 avec \u00e9lastiques et volants, liens \u00e0 nouer sur le devant, grand double col avec broderies fleuries. 100% coton.<\/li>\n<li>&#8211; La mousse de rouge \u00ab\u00a0Daphn\u00e9\u00a0\u00bb. Daphn\u00e9 est un rouge nude, parfait pour une touche de couleur sans trop en faire. Le \u00ab\u00a0je ne sais quoi\u00a0\u00bb qui fait tout. Elle est fabriqu\u00e9e en Italie. Elle est vegan et non test\u00e9e sur les animaux. \u00c0 appliquer au pinceau pour plus de pr\u00e9cision ou au doigt pour un rendu flou.<\/li>\n<li>&#8211; Le pinceau. Gr\u00e2ce \u00e0 ses deux embouts compl\u00e9mentaires, le Pinceau est l\u2019alli\u00e9 de la Mousse de Rouge. Son embout pinceau traditionnel permet une application plus nette et pr\u00e9cise, tandis que l\u2019embout mousse estompe le rouge pour un rendu flou et naturel, fa\u00e7on bouche mordue. (Plus de pinceau en stock. Les prochaines commandes seront envoy\u00e9es sans pinceau).<\/li>\n<li>&#8211; L&rsquo;accessoire cheveux assorti \u00e0 la blouse : un bandeau ou un chouchou. Ecrivez dans les commentaires au moment du paiement lequel des deux vous souhaitez recevoir \ud83d\ude42<\/li>\n<\/ul>\n<p>Le \u00ab\u00a0pack cute\u00a0\u00bb est limit\u00e9 \u00e0 15 unit\u00e9s.<\/p>\n","protected":false},"excerpt":{"rendered":"<p>La collaboration la plus f\u00e9minine de la rentr\u00e9e entre MaisonCl\u00e9o et Yolaine Paris! Yolaine Paris est une marque fond\u00e9e par la muse&hellip;<\/p>\n","protected":false},"featured_media":352266,"template":"","meta":[],"product_brand":[],"product_cat":[663,667,668,661],"product_tag":[],"class_list":{"0":"post-366726","1":"product","2":"type-product","3":"status-publish","4":"has-post-thumbnail","6":"product_cat-blouses","7":"product_cat-dernieres-pieces","8":"product_cat-capsule","9":"product_cat-tout-voir","10":"pa_taille-l-40-2","11":"pa_taille-m-38-2","12":"pa_taille-s-36-2","13":"pa_taille-sur-mesure-fr-2","14":"pa_taille-xl-42-fr-2","15":"pa_taille-xs-34-2","17":"first","18":"outofstock","19":"taxable","20":"shipping-taxable","21":"purchasable","22":"product-type-variable"},"_links":{"self":[{"href":"https:\/\/maisoncleo.com\/fr\/wp-json\/wp\/v2\/product\/366726","targetHints":{"allow":["GET"]}}],"collection":[{"href":"https:\/\/maisoncleo.com\/fr\/wp-json\/wp\/v2\/product"}],"about":[{"href":"https:\/\/maisoncleo.com\/fr\/wp-json\/wp\/v2\/types\/product"}],"version-history":[{"count":1,"href":"https:\/\/maisoncleo.com\/fr\/wp-json\/wp\/v2\/product\/366726\/revisions"}],"predecessor-version":[{"id":366756,"href":"https:\/\/maisoncleo.com\/fr\/wp-json\/wp\/v2\/product\/366726\/revisions\/366756"}],"wp:featuredmedia":[{"embeddable":true,"href":"https:\/\/maisoncleo.com\/fr\/wp-json\/wp\/v2\/media\/352266"}],"wp:attachment":[{"href":"https:\/\/maisoncleo.com\/fr\/wp-json\/wp\/v2\/media?parent=366726"}],"wp:term":[{"taxonomy":"product_brand","embeddable":true,"href":"https:\/\/maisoncleo.com\/fr\/wp-json\/wp\/v2\/product_brand?post=366726"},{"taxonomy":"product_cat","embeddable":true,"href":"https:\/\/maisoncleo.com\/fr\/wp-json\/wp\/v2\/product_cat?post=366726"},{"taxonomy":"product_tag","embeddable":true,"href":"https:\/\/maisoncleo.com\/fr\/wp-json\/wp\/v2\/product_tag?post=366726"}],"curies":[{"name":"wp","href":"https:\/\/api.w.org\/{rel}","templated":true}]}}