{"id":366704,"date":"2024-09-10T08:45:05","date_gmt":"2024-09-10T16:42:26","guid":{"rendered":"https:\/\/maisoncleo.com\/\/?post_type=product&#038;p=366704"},"modified":"2024-09-10T21:22:30","modified_gmt":"2024-09-10T19:22:30","slug":"ready-to-ship-robe-de-plage-a-motif-zebre-rose-neon","status":"publish","type":"product","link":"https:\/\/maisoncleo.com\/fr\/shop\/ready-to-ship-robe-de-plage-a-motif-zebre-rose-neon\/","title":{"rendered":"READY TO SHIP &#8211; Robe de plage \u00e0 motif z\u00e8bre rose neon"},"content":{"rendered":"<p>Robe de plage \u00e0 motif z\u00e8bre rose neon.<\/p>\n<p>D\u00e9collet\u00e9e sur la poitrine et dans le dos, bretelles. Coupe \u00e9vas\u00e9e. Tissu jersey de maillot de bain l\u00e9ger et opaque.<\/p>\n<p>Longueur \u00e0 plat (avec bretelles): 79 cm. Bretelles: 16 cm.<\/p>\n","protected":false},"excerpt":{"rendered":"<p>Robe de plage \u00e0 motif z\u00e8bre rose neon. D\u00e9collet\u00e9e sur la poitrine et dans le dos, bretelles. Coupe \u00e9vas\u00e9e. Tissu jersey de&hellip;<\/p>\n","protected":false},"featured_media":352149,"template":"","meta":[],"product_brand":[],"product_cat":[669,913],"product_tag":[],"class_list":{"0":"post-366704","1":"product","2":"type-product","3":"status-publish","4":"has-post-thumbnail","6":"product_cat-always-buyable-fr","7":"product_cat-ready-to-ship","8":"pa_taille-s-36-2","10":"first","11":"instock","12":"taxable","13":"shipping-taxable","14":"purchasable","15":"product-type-variable"},"_links":{"self":[{"href":"https:\/\/maisoncleo.com\/fr\/wp-json\/wp\/v2\/product\/366704","targetHints":{"allow":["GET"]}}],"collection":[{"href":"https:\/\/maisoncleo.com\/fr\/wp-json\/wp\/v2\/product"}],"about":[{"href":"https:\/\/maisoncleo.com\/fr\/wp-json\/wp\/v2\/types\/product"}],"version-history":[{"count":1,"href":"https:\/\/maisoncleo.com\/fr\/wp-json\/wp\/v2\/product\/366704\/revisions"}],"predecessor-version":[{"id":366725,"href":"https:\/\/maisoncleo.com\/fr\/wp-json\/wp\/v2\/product\/366704\/revisions\/366725"}],"wp:featuredmedia":[{"embeddable":true,"href":"https:\/\/maisoncleo.com\/fr\/wp-json\/wp\/v2\/media\/352149"}],"wp:attachment":[{"href":"https:\/\/maisoncleo.com\/fr\/wp-json\/wp\/v2\/media?parent=366704"}],"wp:term":[{"taxonomy":"product_brand","embeddable":true,"href":"https:\/\/maisoncleo.com\/fr\/wp-json\/wp\/v2\/product_brand?post=366704"},{"taxonomy":"product_cat","embeddable":true,"href":"https:\/\/maisoncleo.com\/fr\/wp-json\/wp\/v2\/product_cat?post=366704"},{"taxonomy":"product_tag","embeddable":true,"href":"https:\/\/maisoncleo.com\/fr\/wp-json\/wp\/v2\/product_tag?post=366704"}],"curies":[{"name":"wp","href":"https:\/\/api.w.org\/{rel}","templated":true}]}}