{"id":366633,"date":"2024-09-10T08:39:21","date_gmt":"2024-09-10T16:40:25","guid":{"rendered":"https:\/\/maisoncleo.com\/\/?post_type=product&#038;p=366633"},"modified":"2024-09-10T21:22:15","modified_gmt":"2024-09-10T19:22:15","slug":"ready-to-ship-runway-look-43-mini-jupe-tricote-en-coton-noir-avec-fente","status":"publish","type":"product","link":"https:\/\/maisoncleo.com\/fr\/shop\/ready-to-ship-runway-look-43-mini-jupe-tricote-en-coton-noir-avec-fente\/","title":{"rendered":"READY TO SHIP &#8211; RUNWAY LOOK 43 &#8211; Mini-jupe tricot\u00e9 en coton noir avec fente"},"content":{"rendered":"<p>Mini jupe en tricot noir. Ajust\u00e9e, c\u00f4tes, fente arrondie sur la cuisse. \u00a0100% coton organique.<\/p>\n<p>LOOK 43 issu de notre premier d\u00e9fil\u00e9 \u00ab\u00a0Premi\u00e8re Fois\u00a0\u00bb en mars 2022.<\/p>\n<p>La mod\u00e8le mesure 1m75 et porte une taille S-36.<\/p>\n","protected":false},"excerpt":{"rendered":"<p>Mini jupe en tricot noir. Ajust\u00e9e, c\u00f4tes, fente arrondie sur la cuisse. \u00a0100% coton organique. LOOK 43 issu de notre premier d\u00e9fil\u00e9&hellip;<\/p>\n","protected":false},"featured_media":342066,"template":"","meta":[],"product_brand":[],"product_cat":[669,913],"product_tag":[],"class_list":{"0":"post-366633","1":"product","2":"type-product","3":"status-publish","4":"has-post-thumbnail","6":"product_cat-always-buyable-fr","7":"product_cat-ready-to-ship","8":"pa_taille-m-38-2","10":"first","11":"instock","12":"taxable","13":"shipping-taxable","14":"purchasable","15":"product-type-variable"},"_links":{"self":[{"href":"https:\/\/maisoncleo.com\/fr\/wp-json\/wp\/v2\/product\/366633","targetHints":{"allow":["GET"]}}],"collection":[{"href":"https:\/\/maisoncleo.com\/fr\/wp-json\/wp\/v2\/product"}],"about":[{"href":"https:\/\/maisoncleo.com\/fr\/wp-json\/wp\/v2\/types\/product"}],"version-history":[{"count":1,"href":"https:\/\/maisoncleo.com\/fr\/wp-json\/wp\/v2\/product\/366633\/revisions"}],"predecessor-version":[{"id":366665,"href":"https:\/\/maisoncleo.com\/fr\/wp-json\/wp\/v2\/product\/366633\/revisions\/366665"}],"wp:featuredmedia":[{"embeddable":true,"href":"https:\/\/maisoncleo.com\/fr\/wp-json\/wp\/v2\/media\/342066"}],"wp:attachment":[{"href":"https:\/\/maisoncleo.com\/fr\/wp-json\/wp\/v2\/media?parent=366633"}],"wp:term":[{"taxonomy":"product_brand","embeddable":true,"href":"https:\/\/maisoncleo.com\/fr\/wp-json\/wp\/v2\/product_brand?post=366633"},{"taxonomy":"product_cat","embeddable":true,"href":"https:\/\/maisoncleo.com\/fr\/wp-json\/wp\/v2\/product_cat?post=366633"},{"taxonomy":"product_tag","embeddable":true,"href":"https:\/\/maisoncleo.com\/fr\/wp-json\/wp\/v2\/product_tag?post=366633"}],"curies":[{"name":"wp","href":"https:\/\/api.w.org\/{rel}","templated":true}]}}