{"id":366616,"date":"2024-09-10T08:35:09","date_gmt":"2024-09-10T16:39:58","guid":{"rendered":"https:\/\/maisoncleo.com\/\/?post_type=product&#038;p=366616"},"modified":"2025-07-03T00:25:40","modified_gmt":"2025-07-02T22:25:40","slug":"top-balconnet-en-coton-vichy-rouge-a-broderies-volantees","status":"publish","type":"product","link":"https:\/\/maisoncleo.com\/fr\/shop\/top-balconnet-en-coton-vichy-rouge-a-broderies-volantees\/","title":{"rendered":"Top balconnet en coton vichy rouge \u00e0 broderies volant\u00e9es"},"content":{"rendered":"<p>Top balconnet en coton vichy rouge \u00e0 broderies volant\u00e9es.<\/p>\n<p>Adorable motif vichy rouge orn\u00e9 de broderies anglaises sur les bretelles et les balconnets. Petits noeuds rouges. Boutons blancs sur le devant. Bretelles fines, balconnets. Dos \u00e9lastiqu\u00e9.<\/p>\n<p>Longueur totale bretelles: 46 cm.<\/p>\n<p>La mod\u00e8le mesure 1m68 et porte une taille S-36.<\/p>\n","protected":false},"excerpt":{"rendered":"<p>Top balconnet en coton vichy rouge \u00e0 broderies volant\u00e9es. Adorable motif vichy rouge orn\u00e9 de broderies anglaises sur les bretelles et les&hellip;<\/p>\n","protected":false},"featured_media":351898,"template":"","meta":[],"product_brand":[],"product_cat":[668,674,661],"product_tag":[],"class_list":{"0":"post-366616","1":"product","2":"type-product","3":"status-publish","4":"has-post-thumbnail","6":"product_cat-capsule","7":"product_cat-tops","8":"product_cat-tout-voir","9":"pa_taille-l-40-2","10":"pa_taille-m-38-2","11":"pa_taille-s-36-2","12":"pa_taille-sur-mesure-fr-2","13":"pa_taille-xl-42-fr-2","14":"pa_taille-xs-34-2","16":"first","17":"instock","18":"taxable","19":"shipping-taxable","20":"purchasable","21":"product-type-variable"},"_links":{"self":[{"href":"https:\/\/maisoncleo.com\/fr\/wp-json\/wp\/v2\/product\/366616","targetHints":{"allow":["GET"]}}],"collection":[{"href":"https:\/\/maisoncleo.com\/fr\/wp-json\/wp\/v2\/product"}],"about":[{"href":"https:\/\/maisoncleo.com\/fr\/wp-json\/wp\/v2\/types\/product"}],"version-history":[{"count":1,"href":"https:\/\/maisoncleo.com\/fr\/wp-json\/wp\/v2\/product\/366616\/revisions"}],"predecessor-version":[{"id":366634,"href":"https:\/\/maisoncleo.com\/fr\/wp-json\/wp\/v2\/product\/366616\/revisions\/366634"}],"wp:featuredmedia":[{"embeddable":true,"href":"https:\/\/maisoncleo.com\/fr\/wp-json\/wp\/v2\/media\/351898"}],"wp:attachment":[{"href":"https:\/\/maisoncleo.com\/fr\/wp-json\/wp\/v2\/media?parent=366616"}],"wp:term":[{"taxonomy":"product_brand","embeddable":true,"href":"https:\/\/maisoncleo.com\/fr\/wp-json\/wp\/v2\/product_brand?post=366616"},{"taxonomy":"product_cat","embeddable":true,"href":"https:\/\/maisoncleo.com\/fr\/wp-json\/wp\/v2\/product_cat?post=366616"},{"taxonomy":"product_tag","embeddable":true,"href":"https:\/\/maisoncleo.com\/fr\/wp-json\/wp\/v2\/product_tag?post=366616"}],"curies":[{"name":"wp","href":"https:\/\/api.w.org\/{rel}","templated":true}]}}