{"id":366594,"date":"2024-09-10T08:32:14","date_gmt":"2024-09-10T16:39:32","guid":{"rendered":"https:\/\/maisoncleo.com\/\/?post_type=product&#038;p=366594"},"modified":"2024-12-26T21:44:01","modified_gmt":"2024-12-26T19:44:01","slug":"blouse-epaules-nues-en-coton-brode-angele-nouvelle-version","status":"publish","type":"product","link":"https:\/\/maisoncleo.com\/fr\/shop\/blouse-epaules-nues-en-coton-brode-angele-nouvelle-version\/","title":{"rendered":"Blouse \u00e9paules nues en coton brod\u00e9 ANGELE \/ nouvelle version"},"content":{"rendered":"<p>Ang\u00e8le laisse glisser son col pour un look plus sensuel cet \u00e9t\u00e9.<\/p>\n<p>Notre nouvelle version de la blouse Ang\u00e8le!<\/p>\n<p>Deux liens \u00e0 resserrer sur le devant, un lien \u00e0 fermer. Fermetures crochet. Large col \u00e9lastiqu\u00e9. Manches 3\/4 bouffantes. D\u00e9tails de dentelle volant\u00e9e sur le col et les manches. 100% coton.<\/p>\n<p>Rien n&rsquo;est plus agr\u00e9able que le soleil sur la peau!<\/p>\n<p>Fabriqu\u00e9e \u00e0 la main dans notre atelier du Nord de la France.<\/p>\n<p>La mod\u00e8le mesure 1m68 et porte une taille S-36.<\/p>\n","protected":false},"excerpt":{"rendered":"<p>Ang\u00e8le laisse glisser son col pour un look plus sensuel cet \u00e9t\u00e9. Notre nouvelle version de la blouse Ang\u00e8le! Deux liens \u00e0&hellip;<\/p>\n","protected":false},"featured_media":351840,"template":"","meta":[],"product_brand":[],"product_cat":[663,668,661],"product_tag":[],"class_list":{"0":"post-366594","1":"product","2":"type-product","3":"status-publish","4":"has-post-thumbnail","6":"product_cat-blouses","7":"product_cat-capsule","8":"product_cat-tout-voir","9":"pa_taille-l-40-2","10":"pa_taille-m-38-2","11":"pa_taille-s-36-2","12":"pa_taille-sur-mesure-fr-2","13":"pa_taille-xl-42-fr-2","14":"pa_taille-xs-34-2","16":"first","17":"instock","18":"taxable","19":"shipping-taxable","20":"purchasable","21":"product-type-variable"},"_links":{"self":[{"href":"https:\/\/maisoncleo.com\/fr\/wp-json\/wp\/v2\/product\/366594","targetHints":{"allow":["GET"]}}],"collection":[{"href":"https:\/\/maisoncleo.com\/fr\/wp-json\/wp\/v2\/product"}],"about":[{"href":"https:\/\/maisoncleo.com\/fr\/wp-json\/wp\/v2\/types\/product"}],"version-history":[{"count":1,"href":"https:\/\/maisoncleo.com\/fr\/wp-json\/wp\/v2\/product\/366594\/revisions"}],"predecessor-version":[{"id":366618,"href":"https:\/\/maisoncleo.com\/fr\/wp-json\/wp\/v2\/product\/366594\/revisions\/366618"}],"wp:featuredmedia":[{"embeddable":true,"href":"https:\/\/maisoncleo.com\/fr\/wp-json\/wp\/v2\/media\/351840"}],"wp:attachment":[{"href":"https:\/\/maisoncleo.com\/fr\/wp-json\/wp\/v2\/media?parent=366594"}],"wp:term":[{"taxonomy":"product_brand","embeddable":true,"href":"https:\/\/maisoncleo.com\/fr\/wp-json\/wp\/v2\/product_brand?post=366594"},{"taxonomy":"product_cat","embeddable":true,"href":"https:\/\/maisoncleo.com\/fr\/wp-json\/wp\/v2\/product_cat?post=366594"},{"taxonomy":"product_tag","embeddable":true,"href":"https:\/\/maisoncleo.com\/fr\/wp-json\/wp\/v2\/product_tag?post=366594"}],"curies":[{"name":"wp","href":"https:\/\/api.w.org\/{rel}","templated":true}]}}