{"id":366579,"date":"2024-09-10T06:01:03","date_gmt":"2024-09-10T16:39:04","guid":{"rendered":"https:\/\/maisoncleo.com\/\/?post_type=product&#038;p=366579"},"modified":"2026-04-17T17:34:33","modified_gmt":"2026-04-17T15:34:33","slug":"blouse-coton-blanc-et-dentelle-volantee-agnes","status":"publish","type":"product","link":"https:\/\/maisoncleo.com\/fr\/shop\/blouse-coton-blanc-et-dentelle-volantee-agnes\/","title":{"rendered":"Blouse coton blanc et dentelle volant\u00e9e AGNES"},"content":{"rendered":"<p>Notre blouse Agn\u00e8s avec une touche de dentelle.<\/p>\n<p>Deux liens \u00e0 nouer sur le devant. Manches bouffantes. 100% coton. D\u00e9tails de dentelle volant\u00e9e sur le col et les manches.<\/p>\n<p>Fabriqu\u00e9e \u00e0 la main dans notre atelier du Nord de la France.<\/p>\n<p>La mod\u00e8le mesure 1m68 et porte une taille S-36.<\/p>\n","protected":false},"excerpt":{"rendered":"<p>Notre blouse Agn\u00e8s avec une touche de dentelle. Deux liens \u00e0 nouer sur le devant. Manches bouffantes. 100% coton. D\u00e9tails de dentelle&hellip;<\/p>\n","protected":false},"featured_media":351818,"template":"","meta":[],"product_brand":[],"product_cat":[662,663,958,668,661],"product_tag":[],"class_list":{"0":"post-366579","1":"product","2":"type-product","3":"status-publish","4":"has-post-thumbnail","6":"product_cat-basiques","7":"product_cat-blouses","8":"product_cat-mariage-selection","9":"product_cat-capsule","10":"product_cat-tout-voir","11":"pa_taille-l-40-2","12":"pa_taille-m-38-2","13":"pa_taille-s-36-2","14":"pa_taille-sur-mesure-fr-2","15":"pa_taille-xl-42-fr-2","16":"pa_taille-xs-34-2","18":"first","19":"instock","20":"taxable","21":"shipping-taxable","22":"purchasable","23":"product-type-variable"},"_links":{"self":[{"href":"https:\/\/maisoncleo.com\/fr\/wp-json\/wp\/v2\/product\/366579","targetHints":{"allow":["GET"]}}],"collection":[{"href":"https:\/\/maisoncleo.com\/fr\/wp-json\/wp\/v2\/product"}],"about":[{"href":"https:\/\/maisoncleo.com\/fr\/wp-json\/wp\/v2\/types\/product"}],"version-history":[{"count":1,"href":"https:\/\/maisoncleo.com\/fr\/wp-json\/wp\/v2\/product\/366579\/revisions"}],"predecessor-version":[{"id":366603,"href":"https:\/\/maisoncleo.com\/fr\/wp-json\/wp\/v2\/product\/366579\/revisions\/366603"}],"wp:featuredmedia":[{"embeddable":true,"href":"https:\/\/maisoncleo.com\/fr\/wp-json\/wp\/v2\/media\/351818"}],"wp:attachment":[{"href":"https:\/\/maisoncleo.com\/fr\/wp-json\/wp\/v2\/media?parent=366579"}],"wp:term":[{"taxonomy":"product_brand","embeddable":true,"href":"https:\/\/maisoncleo.com\/fr\/wp-json\/wp\/v2\/product_brand?post=366579"},{"taxonomy":"product_cat","embeddable":true,"href":"https:\/\/maisoncleo.com\/fr\/wp-json\/wp\/v2\/product_cat?post=366579"},{"taxonomy":"product_tag","embeddable":true,"href":"https:\/\/maisoncleo.com\/fr\/wp-json\/wp\/v2\/product_tag?post=366579"}],"curies":[{"name":"wp","href":"https:\/\/api.w.org\/{rel}","templated":true}]}}