{"id":366570,"date":"2024-09-10T05:59:57","date_gmt":"2024-09-10T16:38:41","guid":{"rendered":"https:\/\/maisoncleo.com\/\/?post_type=product&#038;p=366570"},"modified":"2024-09-10T21:22:07","modified_gmt":"2024-09-10T19:22:07","slug":"bloomer-en-coton-blanc-avec-dentelle-volantee","status":"publish","type":"product","link":"https:\/\/maisoncleo.com\/fr\/shop\/bloomer-en-coton-blanc-avec-dentelle-volantee\/","title":{"rendered":"Bloomer en coton blanc avec dentelle volant\u00e9e"},"content":{"rendered":"<p>Bloomer en coton blanc avec dentelle volant\u00e9e.<\/p>\n<p>\u00c9lastiqu\u00e9 \u00e0 la taille et aux bords, d\u00e9tail de dentelle volant\u00e9e. Parfait pour l&rsquo;\u00e9t\u00e9! 100% coton.<\/p>\n<p>Longueur totale \u00e0 plat: 34 cm.<\/p>\n<p>La mod\u00e8le mesure 1m68 et porte une taille S-36.<\/p>\n","protected":false},"excerpt":{"rendered":"<p>Bloomer en coton blanc avec dentelle volant\u00e9e. \u00c9lastiqu\u00e9 \u00e0 la taille et aux bords, d\u00e9tail de dentelle volant\u00e9e. Parfait pour l&rsquo;\u00e9t\u00e9! 100%&hellip;<\/p>\n","protected":false},"featured_media":351809,"template":"","meta":[],"product_brand":[],"product_cat":[668,675,661],"product_tag":[],"class_list":{"0":"post-366570","1":"product","2":"type-product","3":"status-publish","4":"has-post-thumbnail","6":"product_cat-capsule","7":"product_cat-pantalons-shorts","8":"product_cat-tout-voir","9":"pa_taille-l-40-2","10":"pa_taille-m-38-2","11":"pa_taille-s-36-2","12":"pa_taille-sur-mesure-fr-2","13":"pa_taille-xl-42-fr-2","14":"pa_taille-xs-34-2","16":"first","17":"instock","18":"taxable","19":"shipping-taxable","20":"purchasable","21":"product-type-variable"},"_links":{"self":[{"href":"https:\/\/maisoncleo.com\/fr\/wp-json\/wp\/v2\/product\/366570","targetHints":{"allow":["GET"]}}],"collection":[{"href":"https:\/\/maisoncleo.com\/fr\/wp-json\/wp\/v2\/product"}],"about":[{"href":"https:\/\/maisoncleo.com\/fr\/wp-json\/wp\/v2\/types\/product"}],"version-history":[{"count":1,"href":"https:\/\/maisoncleo.com\/fr\/wp-json\/wp\/v2\/product\/366570\/revisions"}],"predecessor-version":[{"id":366602,"href":"https:\/\/maisoncleo.com\/fr\/wp-json\/wp\/v2\/product\/366570\/revisions\/366602"}],"wp:featuredmedia":[{"embeddable":true,"href":"https:\/\/maisoncleo.com\/fr\/wp-json\/wp\/v2\/media\/351809"}],"wp:attachment":[{"href":"https:\/\/maisoncleo.com\/fr\/wp-json\/wp\/v2\/media?parent=366570"}],"wp:term":[{"taxonomy":"product_brand","embeddable":true,"href":"https:\/\/maisoncleo.com\/fr\/wp-json\/wp\/v2\/product_brand?post=366570"},{"taxonomy":"product_cat","embeddable":true,"href":"https:\/\/maisoncleo.com\/fr\/wp-json\/wp\/v2\/product_cat?post=366570"},{"taxonomy":"product_tag","embeddable":true,"href":"https:\/\/maisoncleo.com\/fr\/wp-json\/wp\/v2\/product_tag?post=366570"}],"curies":[{"name":"wp","href":"https:\/\/api.w.org\/{rel}","templated":true}]}}