{"id":366551,"date":"2024-09-10T05:56:57","date_gmt":"2024-09-10T03:56:57","guid":{"rendered":"https:\/\/maisoncleo.com\/\/?post_type=product&#038;p=366551"},"modified":"2026-03-11T15:26:38","modified_gmt":"2026-03-11T13:26:38","slug":"robe-longue-en-coton-blanc-brode-et-dentelle-avec-liens-mimi","status":"publish","type":"product","link":"https:\/\/maisoncleo.com\/fr\/shop\/robe-longue-en-coton-blanc-brode-et-dentelle-avec-liens-mimi\/","title":{"rendered":"Robe longue en coton blanc brod\u00e9 et dentelle avec liens MIMI"},"content":{"rendered":"<div class=\"woocommerce-product-details__complete-description\">\n<p>Notre iconique MIMI en dentelle de Calais et coton brod\u00e9 anglais en version robe longue! Qui ne connait pas encore Mimi? En fran\u00e7ais, Mimi c&rsquo;est <em>mignon<\/em>, une femme gaie et libre comme l&rsquo;air.<\/p>\n<p>Ravissantes broderies fleuries aux d\u00e9tails d\u00e9licats. Partie sup\u00e9rieure ouverte devant, deux liens pour resserrer et fermer le haut. Coupe flare, bords volant\u00e9s. 100% coton et broderies fran\u00e7aises.<\/p>\n<p><span style=\"font-size: 1.7rem;\">Impossible de r\u00e9sister au charme de la robe Mimi !&lt;3<\/span><\/p>\n<\/div>\n<p>Longueur \u00e0 plat (bretelles incluses): 132 cm. Vous pouvez \u00e9galement choisir la version courte.<\/p>\n<p>La mod\u00e8le mesure 1m68 et porte une taille S-36.<\/p>\n<div class=\"col-12 text-center nbr_product\"><\/div>\n","protected":false},"excerpt":{"rendered":"<p>Notre iconique MIMI en dentelle de Calais et coton brod\u00e9 anglais en version robe longue! Qui ne connait pas encore Mimi? En&hellip;<\/p>\n","protected":false},"featured_media":351739,"template":"","meta":[],"product_brand":[],"product_cat":[668,664,661],"product_tag":[],"class_list":{"0":"post-366551","1":"product","2":"type-product","3":"status-publish","4":"has-post-thumbnail","6":"product_cat-capsule","7":"product_cat-robes","8":"product_cat-tout-voir","9":"pa_taille-l-40-2","10":"pa_taille-m-38-2","11":"pa_taille-s-36-2","12":"pa_taille-sur-mesure-fr-2","13":"pa_taille-xl-42-fr-2","14":"pa_taille-xs-34-2","16":"first","17":"instock","18":"taxable","19":"shipping-taxable","20":"purchasable","21":"product-type-variable","22":"has-default-attributes"},"_links":{"self":[{"href":"https:\/\/maisoncleo.com\/fr\/wp-json\/wp\/v2\/product\/366551","targetHints":{"allow":["GET"]}}],"collection":[{"href":"https:\/\/maisoncleo.com\/fr\/wp-json\/wp\/v2\/product"}],"about":[{"href":"https:\/\/maisoncleo.com\/fr\/wp-json\/wp\/v2\/types\/product"}],"version-history":[{"count":1,"href":"https:\/\/maisoncleo.com\/fr\/wp-json\/wp\/v2\/product\/366551\/revisions"}],"predecessor-version":[{"id":366590,"href":"https:\/\/maisoncleo.com\/fr\/wp-json\/wp\/v2\/product\/366551\/revisions\/366590"}],"wp:featuredmedia":[{"embeddable":true,"href":"https:\/\/maisoncleo.com\/fr\/wp-json\/wp\/v2\/media\/351739"}],"wp:attachment":[{"href":"https:\/\/maisoncleo.com\/fr\/wp-json\/wp\/v2\/media?parent=366551"}],"wp:term":[{"taxonomy":"product_brand","embeddable":true,"href":"https:\/\/maisoncleo.com\/fr\/wp-json\/wp\/v2\/product_brand?post=366551"},{"taxonomy":"product_cat","embeddable":true,"href":"https:\/\/maisoncleo.com\/fr\/wp-json\/wp\/v2\/product_cat?post=366551"},{"taxonomy":"product_tag","embeddable":true,"href":"https:\/\/maisoncleo.com\/fr\/wp-json\/wp\/v2\/product_tag?post=366551"}],"curies":[{"name":"wp","href":"https:\/\/api.w.org\/{rel}","templated":true}]}}