{"id":366520,"date":"2024-09-10T05:53:28","date_gmt":"2024-09-10T16:37:08","guid":{"rendered":"https:\/\/maisoncleo.com\/\/?post_type=product&#038;p=366520"},"modified":"2024-09-10T21:21:58","modified_gmt":"2024-09-10T19:21:58","slug":"jupe-longue-en-mesh-a-motif-coquelicots-papillons","status":"publish","type":"product","link":"https:\/\/maisoncleo.com\/fr\/shop\/jupe-longue-en-mesh-a-motif-coquelicots-papillons\/","title":{"rendered":"Jupe longue en mesh \u00e0 motif coquelicots &#038; papillons"},"content":{"rendered":"<p>Jupe longue en mesh \u00e0 motif coquelicots &amp; papillons.<\/p>\n<p>Motif coquelicots rouges &amp; verts et papillons violets. Taille \u00e9lastiqu\u00e9e. Finition bourdon. Coupe \u00e9vas\u00e9e, doubl\u00e9e.<\/p>\n<p>Longueur totale \u00e0 plat: 90 cm.<\/p>\n<p>La mod\u00e8le mesure 1m73 et porte une taille M-38.<\/p>\n","protected":false},"excerpt":{"rendered":"<p>Jupe longue en mesh \u00e0 motif coquelicots &amp; papillons. Motif coquelicots rouges &amp; verts et papillons violets. Taille \u00e9lastiqu\u00e9e. Finition bourdon. Coupe&hellip;<\/p>\n","protected":false},"featured_media":351598,"template":"","meta":[],"product_brand":[],"product_cat":[663,668,674,661],"product_tag":[],"class_list":{"0":"post-366520","1":"product","2":"type-product","3":"status-publish","4":"has-post-thumbnail","6":"product_cat-blouses","7":"product_cat-capsule","8":"product_cat-tops","9":"product_cat-tout-voir","10":"pa_taille-l-40-2","11":"pa_taille-m-38-2","12":"pa_taille-s-36-2","13":"pa_taille-sur-mesure-fr-2","14":"pa_taille-xl-42-fr-2","15":"pa_taille-xs-34-2","17":"first","18":"instock","19":"taxable","20":"shipping-taxable","21":"purchasable","22":"product-type-variable"},"_links":{"self":[{"href":"https:\/\/maisoncleo.com\/fr\/wp-json\/wp\/v2\/product\/366520","targetHints":{"allow":["GET"]}}],"collection":[{"href":"https:\/\/maisoncleo.com\/fr\/wp-json\/wp\/v2\/product"}],"about":[{"href":"https:\/\/maisoncleo.com\/fr\/wp-json\/wp\/v2\/types\/product"}],"version-history":[{"count":1,"href":"https:\/\/maisoncleo.com\/fr\/wp-json\/wp\/v2\/product\/366520\/revisions"}],"predecessor-version":[{"id":366552,"href":"https:\/\/maisoncleo.com\/fr\/wp-json\/wp\/v2\/product\/366520\/revisions\/366552"}],"wp:featuredmedia":[{"embeddable":true,"href":"https:\/\/maisoncleo.com\/fr\/wp-json\/wp\/v2\/media\/351598"}],"wp:attachment":[{"href":"https:\/\/maisoncleo.com\/fr\/wp-json\/wp\/v2\/media?parent=366520"}],"wp:term":[{"taxonomy":"product_brand","embeddable":true,"href":"https:\/\/maisoncleo.com\/fr\/wp-json\/wp\/v2\/product_brand?post=366520"},{"taxonomy":"product_cat","embeddable":true,"href":"https:\/\/maisoncleo.com\/fr\/wp-json\/wp\/v2\/product_cat?post=366520"},{"taxonomy":"product_tag","embeddable":true,"href":"https:\/\/maisoncleo.com\/fr\/wp-json\/wp\/v2\/product_tag?post=366520"}],"curies":[{"name":"wp","href":"https:\/\/api.w.org\/{rel}","templated":true}]}}