{"id":366518,"date":"2024-09-10T05:53:28","date_gmt":"2024-09-10T16:37:07","guid":{"rendered":"https:\/\/maisoncleo.com\/\/?post_type=product&#038;p=366518"},"modified":"2024-09-10T21:21:57","modified_gmt":"2024-09-10T19:21:57","slug":"blouse-ouverte-en-mesh-coquelicots-papillons-avec-manches-volantees-imen","status":"publish","type":"product","link":"https:\/\/maisoncleo.com\/fr\/shop\/blouse-ouverte-en-mesh-coquelicots-papillons-avec-manches-volantees-imen\/","title":{"rendered":"Blouse ouverte en mesh coquelicots &#038; papillons avec manches volant\u00e9es IMEN"},"content":{"rendered":"<p>Blouse ouverte en mesh coquelicots &amp; papillons avec manches volant\u00e9es.<\/p>\n<p>Motif coquelicots rouges &amp; verts et papillons violets. Lien et d\u00e9tails de volants asym\u00e9triques sur le devant. Finition bourdon. Doubl\u00e9e.<\/p>\n<p>Nous pouvons faire 4 blouses dans ce tissu sp\u00e9cial.<\/p>\n<p>Variation de motif du LOOK 21 de notre d\u00e9fil\u00e9 automne hiver \u00ab\u00a0L&rsquo;Affranchie\u00a0\u00bb de septembre 2022.<\/p>\n<p>La mod\u00e8le mesure 1m73 et porte une taille M-38.<\/p>\n","protected":false},"excerpt":{"rendered":"<p>Blouse ouverte en mesh coquelicots &amp; papillons avec manches volant\u00e9es. Motif coquelicots rouges &amp; verts et papillons violets. Lien et d\u00e9tails de&hellip;<\/p>\n","protected":false},"featured_media":351575,"template":"","meta":[],"product_brand":[],"product_cat":[663,668,674,661],"product_tag":[],"class_list":{"0":"post-366518","1":"product","2":"type-product","3":"status-publish","4":"has-post-thumbnail","6":"product_cat-blouses","7":"product_cat-capsule","8":"product_cat-tops","9":"product_cat-tout-voir","10":"pa_taille-l-40-2","11":"pa_taille-m-38-2","12":"pa_taille-s-36-2","13":"pa_taille-sur-mesure-fr-2","14":"pa_taille-xl-42-fr-2","15":"pa_taille-xs-34-2","17":"first","18":"outofstock","19":"taxable","20":"shipping-taxable","21":"purchasable","22":"product-type-variable"},"_links":{"self":[{"href":"https:\/\/maisoncleo.com\/fr\/wp-json\/wp\/v2\/product\/366518","targetHints":{"allow":["GET"]}}],"collection":[{"href":"https:\/\/maisoncleo.com\/fr\/wp-json\/wp\/v2\/product"}],"about":[{"href":"https:\/\/maisoncleo.com\/fr\/wp-json\/wp\/v2\/types\/product"}],"version-history":[{"count":1,"href":"https:\/\/maisoncleo.com\/fr\/wp-json\/wp\/v2\/product\/366518\/revisions"}],"predecessor-version":[{"id":366540,"href":"https:\/\/maisoncleo.com\/fr\/wp-json\/wp\/v2\/product\/366518\/revisions\/366540"}],"wp:featuredmedia":[{"embeddable":true,"href":"https:\/\/maisoncleo.com\/fr\/wp-json\/wp\/v2\/media\/351575"}],"wp:attachment":[{"href":"https:\/\/maisoncleo.com\/fr\/wp-json\/wp\/v2\/media?parent=366518"}],"wp:term":[{"taxonomy":"product_brand","embeddable":true,"href":"https:\/\/maisoncleo.com\/fr\/wp-json\/wp\/v2\/product_brand?post=366518"},{"taxonomy":"product_cat","embeddable":true,"href":"https:\/\/maisoncleo.com\/fr\/wp-json\/wp\/v2\/product_cat?post=366518"},{"taxonomy":"product_tag","embeddable":true,"href":"https:\/\/maisoncleo.com\/fr\/wp-json\/wp\/v2\/product_tag?post=366518"}],"curies":[{"name":"wp","href":"https:\/\/api.w.org\/{rel}","templated":true}]}}