{"id":366390,"date":"2024-09-10T05:38:24","date_gmt":"2024-09-10T16:33:06","guid":{"rendered":"https:\/\/maisoncleo.com\/\/?post_type=product&#038;p=366390"},"modified":"2024-09-10T21:21:44","modified_gmt":"2024-09-10T19:21:44","slug":"jupe-longue-fendue-volantee-a-motif-roses-rouges-et-pois","status":"publish","type":"product","link":"https:\/\/maisoncleo.com\/fr\/shop\/jupe-longue-fendue-volantee-a-motif-roses-rouges-et-pois\/","title":{"rendered":"Jupe longue fendue volant\u00e9e \u00e0 motif roses rouges et pois"},"content":{"rendered":"<p>Jupe longue fendue volant\u00e9e \u00e0 motif roses rouges et pois.<\/p>\n<p>Motif unique \u00e0 pois et roses rouges romantiques. Taille \u00e9lastiqu\u00e9e. Fente sur le c\u00f4t\u00e9, partie basse volant\u00e9e. Longueur cheville. Tissu fluide et l\u00e9ger.<\/p>\n<p>Nous pouvons faire 3 jupes dans ce tissu.<\/p>\n<p>Longueur totale \u00e0 plat: 98 cm. Longueur fente: 45 cm.<\/p>\n<p>La mod\u00e8le mesure 1m74 et porte une taille S-36.<\/p>\n","protected":false},"excerpt":{"rendered":"<p>Jupe longue fendue volant\u00e9e \u00e0 motif roses rouges et pois. Motif unique \u00e0 pois et roses rouges romantiques. Taille \u00e9lastiqu\u00e9e. Fente sur&hellip;<\/p>\n","protected":false},"featured_media":351335,"template":"","meta":[],"product_brand":[],"product_cat":[672,668,661],"product_tag":[],"class_list":{"0":"post-366390","1":"product","2":"type-product","3":"status-publish","4":"has-post-thumbnail","6":"product_cat-jupes","7":"product_cat-capsule","8":"product_cat-tout-voir","9":"pa_taille-l-40-2","10":"pa_taille-m-38-2","11":"pa_taille-s-36-2","12":"pa_taille-sur-mesure-fr-2","13":"pa_taille-xl-42-fr-2","14":"pa_taille-xs-34-2","16":"first","17":"instock","18":"taxable","19":"shipping-taxable","20":"purchasable","21":"product-type-variable"},"_links":{"self":[{"href":"https:\/\/maisoncleo.com\/fr\/wp-json\/wp\/v2\/product\/366390","targetHints":{"allow":["GET"]}}],"collection":[{"href":"https:\/\/maisoncleo.com\/fr\/wp-json\/wp\/v2\/product"}],"about":[{"href":"https:\/\/maisoncleo.com\/fr\/wp-json\/wp\/v2\/types\/product"}],"version-history":[{"count":1,"href":"https:\/\/maisoncleo.com\/fr\/wp-json\/wp\/v2\/product\/366390\/revisions"}],"predecessor-version":[{"id":366443,"href":"https:\/\/maisoncleo.com\/fr\/wp-json\/wp\/v2\/product\/366390\/revisions\/366443"}],"wp:featuredmedia":[{"embeddable":true,"href":"https:\/\/maisoncleo.com\/fr\/wp-json\/wp\/v2\/media\/351335"}],"wp:attachment":[{"href":"https:\/\/maisoncleo.com\/fr\/wp-json\/wp\/v2\/media?parent=366390"}],"wp:term":[{"taxonomy":"product_brand","embeddable":true,"href":"https:\/\/maisoncleo.com\/fr\/wp-json\/wp\/v2\/product_brand?post=366390"},{"taxonomy":"product_cat","embeddable":true,"href":"https:\/\/maisoncleo.com\/fr\/wp-json\/wp\/v2\/product_cat?post=366390"},{"taxonomy":"product_tag","embeddable":true,"href":"https:\/\/maisoncleo.com\/fr\/wp-json\/wp\/v2\/product_tag?post=366390"}],"curies":[{"name":"wp","href":"https:\/\/api.w.org\/{rel}","templated":true}]}}