{"id":366379,"date":"2024-09-10T05:37:33","date_gmt":"2024-09-10T16:32:44","guid":{"rendered":"https:\/\/maisoncleo.com\/\/?post_type=product&#038;p=366379"},"modified":"2024-09-10T21:21:39","modified_gmt":"2024-09-10T19:21:39","slug":"jupe-longue-boutonnee-a-rayures-avec-fentes-ajustables-verte-et-bleue","status":"publish","type":"product","link":"https:\/\/maisoncleo.com\/fr\/shop\/jupe-longue-boutonnee-a-rayures-avec-fentes-ajustables-verte-et-bleue\/","title":{"rendered":"Jupe longue boutonn\u00e9e \u00e0 rayures avec fentes ajustables verte et bleue"},"content":{"rendered":"<p>Jupe longue boutonn\u00e9e \u00e0 rayures avec fentes ajustables verte et bleue.<\/p>\n<p>Tissu fluide, smock\u00e9, moulant, longueur chevilles. Fentes ajustables gr\u00e2ce \u00e0 une s\u00e9rie de six petits boutons blancs.. Deux fa\u00e7ons de la porter: boutons enti\u00e8rement ouverts ou ferm\u00e9s. Taille \u00e9lastiqu\u00e9e.<\/p>\n<p>Longueur totale \u00e0 plat: 89 cm.<\/p>\n<p>La mod\u00e8le mesure 1m74 et porte une taille S-36.<\/p>\n","protected":false},"excerpt":{"rendered":"<p>Jupe longue boutonn\u00e9e \u00e0 rayures avec fentes ajustables verte et bleue. Tissu fluide, smock\u00e9, moulant, longueur chevilles. Fentes ajustables gr\u00e2ce \u00e0 une&hellip;<\/p>\n","protected":false},"featured_media":351229,"template":"","meta":[],"product_brand":[],"product_cat":[672,668,661],"product_tag":[],"class_list":{"0":"post-366379","1":"product","2":"type-product","3":"status-publish","4":"has-post-thumbnail","6":"product_cat-jupes","7":"product_cat-capsule","8":"product_cat-tout-voir","9":"pa_taille-l-40-2","10":"pa_taille-m-38-2","11":"pa_taille-s-36-2","12":"pa_taille-sur-mesure-fr-2","13":"pa_taille-xl-42-fr-2","14":"pa_taille-xs-34-2","16":"first","17":"instock","18":"taxable","19":"shipping-taxable","20":"purchasable","21":"product-type-variable"},"_links":{"self":[{"href":"https:\/\/maisoncleo.com\/fr\/wp-json\/wp\/v2\/product\/366379","targetHints":{"allow":["GET"]}}],"collection":[{"href":"https:\/\/maisoncleo.com\/fr\/wp-json\/wp\/v2\/product"}],"about":[{"href":"https:\/\/maisoncleo.com\/fr\/wp-json\/wp\/v2\/types\/product"}],"version-history":[{"count":1,"href":"https:\/\/maisoncleo.com\/fr\/wp-json\/wp\/v2\/product\/366379\/revisions"}],"predecessor-version":[{"id":366409,"href":"https:\/\/maisoncleo.com\/fr\/wp-json\/wp\/v2\/product\/366379\/revisions\/366409"}],"wp:featuredmedia":[{"embeddable":true,"href":"https:\/\/maisoncleo.com\/fr\/wp-json\/wp\/v2\/media\/351229"}],"wp:attachment":[{"href":"https:\/\/maisoncleo.com\/fr\/wp-json\/wp\/v2\/media?parent=366379"}],"wp:term":[{"taxonomy":"product_brand","embeddable":true,"href":"https:\/\/maisoncleo.com\/fr\/wp-json\/wp\/v2\/product_brand?post=366379"},{"taxonomy":"product_cat","embeddable":true,"href":"https:\/\/maisoncleo.com\/fr\/wp-json\/wp\/v2\/product_cat?post=366379"},{"taxonomy":"product_tag","embeddable":true,"href":"https:\/\/maisoncleo.com\/fr\/wp-json\/wp\/v2\/product_tag?post=366379"}],"curies":[{"name":"wp","href":"https:\/\/api.w.org\/{rel}","templated":true}]}}