{"id":366367,"date":"2024-09-10T05:35:19","date_gmt":"2024-09-10T16:32:20","guid":{"rendered":"https:\/\/maisoncleo.com\/\/?post_type=product&#038;p=366367"},"modified":"2026-05-08T09:53:40","modified_gmt":"2026-05-08T07:53:40","slug":"jupe-longue-tube-turquoise-peau-de-sirene","status":"publish","type":"product","link":"https:\/\/maisoncleo.com\/fr\/shop\/jupe-longue-tube-turquoise-peau-de-sirene\/","title":{"rendered":"Jupe longue tube turquoise peau de sir\u00e8ne"},"content":{"rendered":"<p>Jupe longue tube turquoise. Bord volant\u00e9. Notre tissu pr\u00e9f\u00e9r\u00e9 du d\u00e9fil\u00e9 \u00e9t\u00e9! Tr\u00e8s l\u00e9g\u00e8rement iris\u00e9, textur\u00e9 et fluide en m\u00eame temps, impression d&rsquo;\u00e9cailles peau de sir\u00e8ne ou d&rsquo;un tissu de maillot de bain vintage, et a la couleur parfaite!<\/p>\n<p>La mod\u00e8le mesure 1m70 et porte une taille S-36.<\/p>\n<p>Vu plusieurs fois sur Emrata en rose, mais nous n&rsquo;avons plus cette couleur. C&rsquo;est exactement le m\u00eame tissu ici mais en bleu turquoise!<\/p>\n","protected":false},"excerpt":{"rendered":"<p>Jupe longue tube turquoise. Bord volant\u00e9. Notre tissu pr\u00e9f\u00e9r\u00e9 du d\u00e9fil\u00e9 \u00e9t\u00e9! Tr\u00e8s l\u00e9g\u00e8rement iris\u00e9, textur\u00e9 et fluide en m\u00eame temps, impression&hellip;<\/p>\n","protected":false},"featured_media":351209,"template":"","meta":[],"product_brand":[],"product_cat":[667,672,661],"product_tag":[],"class_list":{"0":"post-366367","1":"product","2":"type-product","3":"status-publish","4":"has-post-thumbnail","6":"product_cat-dernieres-pieces","7":"product_cat-jupes","8":"product_cat-tout-voir","9":"pa_taille-l-40-2","10":"pa_taille-m-38-2","11":"pa_taille-s-36-2","12":"pa_taille-sur-mesure-fr-2","13":"pa_taille-xl-42-fr-2","14":"pa_taille-xs-34-2","16":"first","17":"instock","18":"taxable","19":"shipping-taxable","20":"purchasable","21":"product-type-variable"},"_links":{"self":[{"href":"https:\/\/maisoncleo.com\/fr\/wp-json\/wp\/v2\/product\/366367","targetHints":{"allow":["GET"]}}],"collection":[{"href":"https:\/\/maisoncleo.com\/fr\/wp-json\/wp\/v2\/product"}],"about":[{"href":"https:\/\/maisoncleo.com\/fr\/wp-json\/wp\/v2\/types\/product"}],"version-history":[{"count":1,"href":"https:\/\/maisoncleo.com\/fr\/wp-json\/wp\/v2\/product\/366367\/revisions"}],"predecessor-version":[{"id":366408,"href":"https:\/\/maisoncleo.com\/fr\/wp-json\/wp\/v2\/product\/366367\/revisions\/366408"}],"wp:featuredmedia":[{"embeddable":true,"href":"https:\/\/maisoncleo.com\/fr\/wp-json\/wp\/v2\/media\/351209"}],"wp:attachment":[{"href":"https:\/\/maisoncleo.com\/fr\/wp-json\/wp\/v2\/media?parent=366367"}],"wp:term":[{"taxonomy":"product_brand","embeddable":true,"href":"https:\/\/maisoncleo.com\/fr\/wp-json\/wp\/v2\/product_brand?post=366367"},{"taxonomy":"product_cat","embeddable":true,"href":"https:\/\/maisoncleo.com\/fr\/wp-json\/wp\/v2\/product_cat?post=366367"},{"taxonomy":"product_tag","embeddable":true,"href":"https:\/\/maisoncleo.com\/fr\/wp-json\/wp\/v2\/product_tag?post=366367"}],"curies":[{"name":"wp","href":"https:\/\/api.w.org\/{rel}","templated":true}]}}