{"id":366350,"date":"2024-09-10T05:33:17","date_gmt":"2024-09-10T16:31:53","guid":{"rendered":"https:\/\/maisoncleo.com\/\/?post_type=product&#038;p=366350"},"modified":"2024-09-10T21:21:30","modified_gmt":"2024-09-10T19:21:30","slug":"ready-to-ship-coup-de-foudre-defile-look-8-gilet-manches-3-4-en-bambou-lilas-tricote","status":"publish","type":"product","link":"https:\/\/maisoncleo.com\/fr\/shop\/ready-to-ship-coup-de-foudre-defile-look-8-gilet-manches-3-4-en-bambou-lilas-tricote\/","title":{"rendered":"READY TO SHIP &#8211; COUP DE FOUDRE d\u00e9fil\u00e9 LOOK 8 &#8211; Gilet manches 3\/4 en bambou lilas tricot\u00e9"},"content":{"rendered":"<p>Gilet manches 3\/4 volant\u00e9es en bambou organique lilas tricot\u00e9.<\/p>\n<p>D\u00e9collet\u00e9, petit col pointu. Fermeture \u00e0 un bouton. Dans le dos, fines ceintures \u00e0 nouer de chaque c\u00f4t\u00e9 pour un look plus ajust\u00e9. Manches trois-quarts, volants sur les bords. Notre coeur argent\u00e9 made in France \u201cFFF4ever\u201d cousu dans le dos (=F*ckFastFashion). Tricot\u00e9 dans un fil de bambou ce qui le rend tout doux.<\/p>\n<p>Veuillez noter que le cardigan ready to ship a \u00e9t\u00e9 r\u00e9alis\u00e9 avec un petit bouton rond violet (voir derni\u00e8re photo).<\/p>\n<p>Longueur totale \u00e0 plat: 42 cm. Encolure: 22 cm. Manches: 41 cm.<\/p>\n<p>La mod\u00e8le mesure 1m71 et porte une taille S-36.<\/p>\n","protected":false},"excerpt":{"rendered":"<p>Gilet manches 3\/4 volant\u00e9es en bambou organique lilas tricot\u00e9. D\u00e9collet\u00e9, petit col pointu. Fermeture \u00e0 un bouton. Dans le dos, fines ceintures&hellip;<\/p>\n","protected":false},"featured_media":348370,"template":"","meta":[],"product_brand":[],"product_cat":[669,913],"product_tag":[],"class_list":{"0":"post-366350","1":"product","2":"type-product","3":"status-publish","4":"has-post-thumbnail","6":"product_cat-always-buyable-fr","7":"product_cat-ready-to-ship","8":"pa_taille-l-40-2","10":"first","11":"outofstock","12":"taxable","13":"shipping-taxable","14":"purchasable","15":"product-type-variable"},"_links":{"self":[{"href":"https:\/\/maisoncleo.com\/fr\/wp-json\/wp\/v2\/product\/366350","targetHints":{"allow":["GET"]}}],"collection":[{"href":"https:\/\/maisoncleo.com\/fr\/wp-json\/wp\/v2\/product"}],"about":[{"href":"https:\/\/maisoncleo.com\/fr\/wp-json\/wp\/v2\/types\/product"}],"version-history":[{"count":1,"href":"https:\/\/maisoncleo.com\/fr\/wp-json\/wp\/v2\/product\/366350\/revisions"}],"predecessor-version":[{"id":366386,"href":"https:\/\/maisoncleo.com\/fr\/wp-json\/wp\/v2\/product\/366350\/revisions\/366386"}],"wp:featuredmedia":[{"embeddable":true,"href":"https:\/\/maisoncleo.com\/fr\/wp-json\/wp\/v2\/media\/348370"}],"wp:attachment":[{"href":"https:\/\/maisoncleo.com\/fr\/wp-json\/wp\/v2\/media?parent=366350"}],"wp:term":[{"taxonomy":"product_brand","embeddable":true,"href":"https:\/\/maisoncleo.com\/fr\/wp-json\/wp\/v2\/product_brand?post=366350"},{"taxonomy":"product_cat","embeddable":true,"href":"https:\/\/maisoncleo.com\/fr\/wp-json\/wp\/v2\/product_cat?post=366350"},{"taxonomy":"product_tag","embeddable":true,"href":"https:\/\/maisoncleo.com\/fr\/wp-json\/wp\/v2\/product_tag?post=366350"}],"curies":[{"name":"wp","href":"https:\/\/api.w.org\/{rel}","templated":true}]}}