{"id":366328,"date":"2024-09-10T05:31:41","date_gmt":"2024-09-10T16:31:09","guid":{"rendered":"https:\/\/maisoncleo.com\/\/?post_type=product&#038;p=366328"},"modified":"2024-09-10T21:21:23","modified_gmt":"2024-09-10T19:21:23","slug":"robe-longue-de-plage-crochet-en-coton-noir-avec-motifs-fleurs","status":"publish","type":"product","link":"https:\/\/maisoncleo.com\/fr\/shop\/robe-longue-de-plage-crochet-en-coton-noir-avec-motifs-fleurs\/","title":{"rendered":"Robe longue de plage crochet en coton noir avec motifs fleurs"},"content":{"rendered":"<p>Robe longue de plage crochet en coton noir avec motifs fleurs.<\/p>\n<p>La robe parfaite pour cet \u00e9t\u00e9! Travail de motifs de fleurs sur le corps, manches 3\/4 volant\u00e9es. Fabriqu\u00e9e dans un 100% coton organique. Nous pouvons \u00e9galement la faire en blanc cass\u00e9. Vous pouvez demander la longueur que vous souhaitez.<\/p>\n<p>La mod\u00e8le mesure 1m71.<\/p>\n","protected":false},"excerpt":{"rendered":"<p>Robe longue de plage crochet en coton noir avec motifs fleurs. La robe parfaite pour cet \u00e9t\u00e9! Travail de motifs de fleurs&hellip;<\/p>\n","protected":false},"featured_media":351102,"template":"","meta":[],"product_brand":[],"product_cat":[666,668,664,661],"product_tag":[],"class_list":{"0":"post-366328","1":"product","2":"type-product","3":"status-publish","4":"has-post-thumbnail","6":"product_cat-mailles","7":"product_cat-capsule","8":"product_cat-robes","9":"product_cat-tout-voir","10":"pa_taille-l-40-2","11":"pa_taille-m-38-2","12":"pa_taille-s-36-2","13":"pa_taille-sur-mesure-fr-2","14":"pa_taille-xl-42-fr-2","15":"pa_taille-xs-34-2","16":"pa_taille-xxs-32-2","18":"first","19":"outofstock","20":"taxable","21":"shipping-taxable","22":"purchasable","23":"product-type-variable"},"_links":{"self":[{"href":"https:\/\/maisoncleo.com\/fr\/wp-json\/wp\/v2\/product\/366328","targetHints":{"allow":["GET"]}}],"collection":[{"href":"https:\/\/maisoncleo.com\/fr\/wp-json\/wp\/v2\/product"}],"about":[{"href":"https:\/\/maisoncleo.com\/fr\/wp-json\/wp\/v2\/types\/product"}],"version-history":[{"count":1,"href":"https:\/\/maisoncleo.com\/fr\/wp-json\/wp\/v2\/product\/366328\/revisions"}],"predecessor-version":[{"id":366358,"href":"https:\/\/maisoncleo.com\/fr\/wp-json\/wp\/v2\/product\/366328\/revisions\/366358"}],"wp:featuredmedia":[{"embeddable":true,"href":"https:\/\/maisoncleo.com\/fr\/wp-json\/wp\/v2\/media\/351102"}],"wp:attachment":[{"href":"https:\/\/maisoncleo.com\/fr\/wp-json\/wp\/v2\/media?parent=366328"}],"wp:term":[{"taxonomy":"product_brand","embeddable":true,"href":"https:\/\/maisoncleo.com\/fr\/wp-json\/wp\/v2\/product_brand?post=366328"},{"taxonomy":"product_cat","embeddable":true,"href":"https:\/\/maisoncleo.com\/fr\/wp-json\/wp\/v2\/product_cat?post=366328"},{"taxonomy":"product_tag","embeddable":true,"href":"https:\/\/maisoncleo.com\/fr\/wp-json\/wp\/v2\/product_tag?post=366328"}],"curies":[{"name":"wp","href":"https:\/\/api.w.org\/{rel}","templated":true}]}}