{"id":366289,"date":"2024-09-10T05:28:44","date_gmt":"2024-09-10T16:29:58","guid":{"rendered":"https:\/\/maisoncleo.com\/\/?post_type=product&#038;p=366289"},"modified":"2024-09-10T21:21:45","modified_gmt":"2024-09-10T19:21:45","slug":"bas-de-maillot-de-bain-bikini-motif-tartan-multicolore","status":"publish","type":"product","link":"https:\/\/maisoncleo.com\/fr\/shop\/bas-de-maillot-de-bain-bikini-motif-tartan-multicolore\/","title":{"rendered":"Bas de maillot de bain bikini motif tartan multicolore"},"content":{"rendered":"<p>Bas de maillot de bain bikini motif tartan multicolore. Tissu vintage &lt;3<\/p>\n<p>Motif tartan jaune, bleu, vert et orange. Coupe flatteuse inspir\u00e9e vintage ann\u00e9es 80. \u00c0 nouer sur les c\u00f4t\u00e9s, ajustable. Doubl\u00e9.<\/p>\n<p>La mod\u00e8le mesure 1m74 et porte une taille S-36.<\/p>\n","protected":false},"excerpt":{"rendered":"<p>Bas de maillot de bain bikini motif tartan multicolore. Tissu vintage &lt;3 Motif tartan jaune, bleu, vert et orange. Coupe flatteuse inspir\u00e9e&hellip;<\/p>\n","protected":false},"featured_media":351367,"template":"","meta":[],"product_brand":[],"product_cat":[673,668,661],"product_tag":[],"class_list":{"0":"post-366289","1":"product","2":"type-product","3":"status-publish","4":"has-post-thumbnail","6":"product_cat-maillots-de-bain","7":"product_cat-capsule","8":"product_cat-tout-voir","9":"pa_taille-l-40-2","10":"pa_taille-m-38-2","11":"pa_taille-s-36-2","12":"pa_taille-sur-mesure-fr-2","13":"pa_taille-xl-42-fr-2","14":"pa_taille-xs-34-2","16":"first","17":"instock","18":"taxable","19":"shipping-taxable","20":"purchasable","21":"product-type-variable"},"_links":{"self":[{"href":"https:\/\/maisoncleo.com\/fr\/wp-json\/wp\/v2\/product\/366289","targetHints":{"allow":["GET"]}}],"collection":[{"href":"https:\/\/maisoncleo.com\/fr\/wp-json\/wp\/v2\/product"}],"about":[{"href":"https:\/\/maisoncleo.com\/fr\/wp-json\/wp\/v2\/types\/product"}],"version-history":[{"count":1,"href":"https:\/\/maisoncleo.com\/fr\/wp-json\/wp\/v2\/product\/366289\/revisions"}],"predecessor-version":[{"id":366458,"href":"https:\/\/maisoncleo.com\/fr\/wp-json\/wp\/v2\/product\/366289\/revisions\/366458"}],"wp:featuredmedia":[{"embeddable":true,"href":"https:\/\/maisoncleo.com\/fr\/wp-json\/wp\/v2\/media\/351367"}],"wp:attachment":[{"href":"https:\/\/maisoncleo.com\/fr\/wp-json\/wp\/v2\/media?parent=366289"}],"wp:term":[{"taxonomy":"product_brand","embeddable":true,"href":"https:\/\/maisoncleo.com\/fr\/wp-json\/wp\/v2\/product_brand?post=366289"},{"taxonomy":"product_cat","embeddable":true,"href":"https:\/\/maisoncleo.com\/fr\/wp-json\/wp\/v2\/product_cat?post=366289"},{"taxonomy":"product_tag","embeddable":true,"href":"https:\/\/maisoncleo.com\/fr\/wp-json\/wp\/v2\/product_tag?post=366289"}],"curies":[{"name":"wp","href":"https:\/\/api.w.org\/{rel}","templated":true}]}}