{"id":366257,"date":"2024-09-10T05:26:07","date_gmt":"2024-09-10T03:26:07","guid":{"rendered":"https:\/\/maisoncleo.com\/\/?post_type=product&#038;p=366257"},"modified":"2024-09-10T21:21:16","modified_gmt":"2024-09-10T19:21:16","slug":"bas-de-maillot-de-bain-motif-multicolore-fleuri","status":"publish","type":"product","link":"https:\/\/maisoncleo.com\/fr\/shop\/bas-de-maillot-de-bain-motif-multicolore-fleuri\/","title":{"rendered":"Bas de maillot de bain motif multicolore fleuri"},"content":{"rendered":"<p>Bas de maillot de bain motif multicolore fleuri.<\/p>\n<p>Coupe flatteuse inspir\u00e9 vintage ann\u00e9es 80. Doubl\u00e9.<\/p>\n<p>La mod\u00e8le mesure 1m71 et porte une taille S-36.<\/p>\n","protected":false},"excerpt":{"rendered":"<p>Bas de maillot de bain motif multicolore fleuri. Coupe flatteuse inspir\u00e9 vintage ann\u00e9es 80. Doubl\u00e9. La mod\u00e8le mesure 1m71 et porte une&hellip;<\/p>\n","protected":false},"featured_media":350987,"template":"","meta":[],"product_brand":[],"product_cat":[673,668,661],"product_tag":[],"class_list":{"0":"post-366257","1":"product","2":"type-product","3":"status-publish","4":"has-post-thumbnail","6":"product_cat-maillots-de-bain","7":"product_cat-capsule","8":"product_cat-tout-voir","9":"pa_taille-l-40-2","10":"pa_taille-m-38-2","11":"pa_taille-s-36-2","12":"pa_taille-sur-mesure-fr-2","13":"pa_taille-xl-42-fr-2","14":"pa_taille-xs-34-2","16":"first","17":"instock","18":"taxable","19":"shipping-taxable","20":"purchasable","21":"product-type-variable"},"_links":{"self":[{"href":"https:\/\/maisoncleo.com\/fr\/wp-json\/wp\/v2\/product\/366257","targetHints":{"allow":["GET"]}}],"collection":[{"href":"https:\/\/maisoncleo.com\/fr\/wp-json\/wp\/v2\/product"}],"about":[{"href":"https:\/\/maisoncleo.com\/fr\/wp-json\/wp\/v2\/types\/product"}],"version-history":[{"count":1,"href":"https:\/\/maisoncleo.com\/fr\/wp-json\/wp\/v2\/product\/366257\/revisions"}],"predecessor-version":[{"id":366312,"href":"https:\/\/maisoncleo.com\/fr\/wp-json\/wp\/v2\/product\/366257\/revisions\/366312"}],"wp:featuredmedia":[{"embeddable":true,"href":"https:\/\/maisoncleo.com\/fr\/wp-json\/wp\/v2\/media\/350987"}],"wp:attachment":[{"href":"https:\/\/maisoncleo.com\/fr\/wp-json\/wp\/v2\/media?parent=366257"}],"wp:term":[{"taxonomy":"product_brand","embeddable":true,"href":"https:\/\/maisoncleo.com\/fr\/wp-json\/wp\/v2\/product_brand?post=366257"},{"taxonomy":"product_cat","embeddable":true,"href":"https:\/\/maisoncleo.com\/fr\/wp-json\/wp\/v2\/product_cat?post=366257"},{"taxonomy":"product_tag","embeddable":true,"href":"https:\/\/maisoncleo.com\/fr\/wp-json\/wp\/v2\/product_tag?post=366257"}],"curies":[{"name":"wp","href":"https:\/\/api.w.org\/{rel}","templated":true}]}}