{"id":366255,"date":"2024-09-10T05:26:07","date_gmt":"2024-09-10T16:28:50","guid":{"rendered":"https:\/\/maisoncleo.com\/\/?post_type=product&#038;p=366255"},"modified":"2024-09-10T21:21:11","modified_gmt":"2024-09-10T19:21:11","slug":"haut-de-maillot-de-bain-bandeau-a-motif-fleurs-multicolor","status":"publish","type":"product","link":"https:\/\/maisoncleo.com\/fr\/shop\/haut-de-maillot-de-bain-bandeau-a-motif-fleurs-multicolor\/","title":{"rendered":"Haut de maillot de bain bandeau \u00e0 motif fleurs multicolor"},"content":{"rendered":"<p>Haut de maillot de bain bandeau \u00e0 motif fleurs multicolor.<\/p>\n<p>Motif aquarelle de fleurs et g\u00e9om\u00e9tries de vives couleurs. Petite fleur assortie appliqu\u00e9e sur bretelle. Une bretelle, fermeture m\u00e9tallique dos. Ajustable. Doubl\u00e9.<\/p>\n<p>La mod\u00e8le mesure 1m71 et porte une taille 36.<\/p>\n","protected":false},"excerpt":{"rendered":"<p>Haut de maillot de bain bandeau \u00e0 motif fleurs multicolor. Motif aquarelle de fleurs et g\u00e9om\u00e9tries de vives couleurs. Petite fleur assortie&hellip;<\/p>\n","protected":false},"featured_media":350951,"template":"","meta":[],"product_brand":[],"product_cat":[673,668,674,661],"product_tag":[],"class_list":{"0":"post-366255","1":"product","2":"type-product","3":"status-publish","4":"has-post-thumbnail","6":"product_cat-maillots-de-bain","7":"product_cat-capsule","8":"product_cat-tops","9":"product_cat-tout-voir","10":"pa_taille-l-40-2","11":"pa_taille-m-38-2","12":"pa_taille-s-36-2","13":"pa_taille-sur-mesure-fr-2","14":"pa_taille-xl-42-fr-2","15":"pa_taille-xs-34-2","17":"first","18":"instock","19":"taxable","20":"shipping-taxable","21":"purchasable","22":"product-type-variable"},"_links":{"self":[{"href":"https:\/\/maisoncleo.com\/fr\/wp-json\/wp\/v2\/product\/366255","targetHints":{"allow":["GET"]}}],"collection":[{"href":"https:\/\/maisoncleo.com\/fr\/wp-json\/wp\/v2\/product"}],"about":[{"href":"https:\/\/maisoncleo.com\/fr\/wp-json\/wp\/v2\/types\/product"}],"version-history":[{"count":1,"href":"https:\/\/maisoncleo.com\/fr\/wp-json\/wp\/v2\/product\/366255\/revisions"}],"predecessor-version":[{"id":366297,"href":"https:\/\/maisoncleo.com\/fr\/wp-json\/wp\/v2\/product\/366255\/revisions\/366297"}],"wp:featuredmedia":[{"embeddable":true,"href":"https:\/\/maisoncleo.com\/fr\/wp-json\/wp\/v2\/media\/350951"}],"wp:attachment":[{"href":"https:\/\/maisoncleo.com\/fr\/wp-json\/wp\/v2\/media?parent=366255"}],"wp:term":[{"taxonomy":"product_brand","embeddable":true,"href":"https:\/\/maisoncleo.com\/fr\/wp-json\/wp\/v2\/product_brand?post=366255"},{"taxonomy":"product_cat","embeddable":true,"href":"https:\/\/maisoncleo.com\/fr\/wp-json\/wp\/v2\/product_cat?post=366255"},{"taxonomy":"product_tag","embeddable":true,"href":"https:\/\/maisoncleo.com\/fr\/wp-json\/wp\/v2\/product_tag?post=366255"}],"curies":[{"name":"wp","href":"https:\/\/api.w.org\/{rel}","templated":true}]}}