{"id":366254,"date":"2024-09-10T05:26:06","date_gmt":"2024-09-10T16:28:50","guid":{"rendered":"https:\/\/maisoncleo.com\/\/?post_type=product&#038;p=366254"},"modified":"2024-09-10T21:21:09","modified_gmt":"2024-09-10T19:21:09","slug":"jupe-portefeuille-a-motif-fleurs-multicolor","status":"publish","type":"product","link":"https:\/\/maisoncleo.com\/fr\/shop\/jupe-portefeuille-a-motif-fleurs-multicolor\/","title":{"rendered":"Jupe portefeuille \u00e0 motif fleurs multicolor"},"content":{"rendered":"<p>Jupe portefeuille \u00e0 motif fleurs multicolor.<\/p>\n<p>Taille \u00e9lastiqu\u00e9e. Coupe \u00e9vas\u00e9e. Tissu jersey de maillot de bain l\u00e9ger et super doux, id\u00e9al pour la plage !<\/p>\n<p>A porter en ensemble avec l&rsquo;ensemble maillot de bain de votre choix, avec le bikini ou le bandeau assorti!<\/p>\n<p>Longueur \u00e0 plat: 35 cm.<\/p>\n<p>La mod\u00e8le mesure 1m71 et porte une taille S-36.<\/p>\n","protected":false},"excerpt":{"rendered":"<p>Jupe portefeuille \u00e0 motif fleurs multicolor. Taille \u00e9lastiqu\u00e9e. Coupe \u00e9vas\u00e9e. Tissu jersey de maillot de bain l\u00e9ger et super doux, id\u00e9al pour&hellip;<\/p>\n","protected":false},"featured_media":350948,"template":"","meta":[],"product_brand":[],"product_cat":[672,668,661],"product_tag":[],"class_list":{"0":"post-366254","1":"product","2":"type-product","3":"status-publish","4":"has-post-thumbnail","6":"product_cat-jupes","7":"product_cat-capsule","8":"product_cat-tout-voir","9":"pa_taille-l-40-2","10":"pa_taille-m-38-2","11":"pa_taille-s-36-2","12":"pa_taille-sur-mesure-fr-2","13":"pa_taille-xl-42-fr-2","14":"pa_taille-xs-34-2","16":"first","17":"instock","18":"taxable","19":"shipping-taxable","20":"purchasable","21":"product-type-variable"},"_links":{"self":[{"href":"https:\/\/maisoncleo.com\/fr\/wp-json\/wp\/v2\/product\/366254","targetHints":{"allow":["GET"]}}],"collection":[{"href":"https:\/\/maisoncleo.com\/fr\/wp-json\/wp\/v2\/product"}],"about":[{"href":"https:\/\/maisoncleo.com\/fr\/wp-json\/wp\/v2\/types\/product"}],"version-history":[{"count":1,"href":"https:\/\/maisoncleo.com\/fr\/wp-json\/wp\/v2\/product\/366254\/revisions"}],"predecessor-version":[{"id":366285,"href":"https:\/\/maisoncleo.com\/fr\/wp-json\/wp\/v2\/product\/366254\/revisions\/366285"}],"wp:featuredmedia":[{"embeddable":true,"href":"https:\/\/maisoncleo.com\/fr\/wp-json\/wp\/v2\/media\/350948"}],"wp:attachment":[{"href":"https:\/\/maisoncleo.com\/fr\/wp-json\/wp\/v2\/media?parent=366254"}],"wp:term":[{"taxonomy":"product_brand","embeddable":true,"href":"https:\/\/maisoncleo.com\/fr\/wp-json\/wp\/v2\/product_brand?post=366254"},{"taxonomy":"product_cat","embeddable":true,"href":"https:\/\/maisoncleo.com\/fr\/wp-json\/wp\/v2\/product_cat?post=366254"},{"taxonomy":"product_tag","embeddable":true,"href":"https:\/\/maisoncleo.com\/fr\/wp-json\/wp\/v2\/product_tag?post=366254"}],"curies":[{"name":"wp","href":"https:\/\/api.w.org\/{rel}","templated":true}]}}