{"id":366227,"date":"2024-09-10T05:21:35","date_gmt":"2024-09-10T16:27:59","guid":{"rendered":"https:\/\/maisoncleo.com\/\/?post_type=product&#038;p=366227"},"modified":"2024-09-10T21:21:03","modified_gmt":"2024-09-10T19:21:03","slug":"jupe-mi-longue-en-soie-a-fleurs-rose-fuchsia-marthe","status":"publish","type":"product","link":"https:\/\/maisoncleo.com\/fr\/shop\/jupe-mi-longue-en-soie-a-fleurs-rose-fuchsia-marthe\/","title":{"rendered":"Jupe mi-longue en soie \u00e0 fleurs rose fuchsia MARTHE"},"content":{"rendered":"<p id=\"tw-target-text\" class=\"tw-data-text tw-text-large tw-ta\" dir=\"ltr\" data-placeholder=\"Traduction\"><span class=\"Y2IQFc\" lang=\"fr\">Jupe mi-longue en soie \u00e0 fleurs rose fuchsia.<\/span><\/p>\n<p class=\"tw-data-text tw-text-large tw-ta\" dir=\"ltr\" data-placeholder=\"Traduction\"><span class=\"Y2IQFc\" lang=\"fr\">D\u00e9licat motif fleuri rose fuchsia. Fente sur le c\u00f4t\u00e9. Fermeture \u00e9clair dans le dos. 100% soie.<\/span><\/p>\n<p dir=\"ltr\" data-placeholder=\"Traduction\">Le plus ravissant des ensembles fleuris!<\/p>\n<p class=\"tw-data-text tw-text-large tw-ta\" dir=\"ltr\" data-placeholder=\"Traduction\">Longueur \u00e0 plat: 70 cm. Fente: 40 cm.<\/p>\n<p class=\"tw-data-text tw-text-large tw-ta\" dir=\"ltr\" data-placeholder=\"Traduction\"><span class=\"Y2IQFc\" lang=\"fr\">La mod\u00e8le mesure 1m71 et porte une taille S-36.<\/span><\/p>\n","protected":false},"excerpt":{"rendered":"<p>Jupe mi-longue en soie \u00e0 fleurs rose fuchsia. D\u00e9licat motif fleuri rose fuchsia. Fente sur le c\u00f4t\u00e9. Fermeture \u00e9clair dans le dos.&hellip;<\/p>\n","protected":false},"featured_media":350862,"template":"","meta":[],"product_brand":[],"product_cat":[672,668,661],"product_tag":[],"class_list":{"0":"post-366227","1":"product","2":"type-product","3":"status-publish","4":"has-post-thumbnail","6":"product_cat-jupes","7":"product_cat-capsule","8":"product_cat-tout-voir","9":"pa_taille-l-40-2","10":"pa_taille-m-38-2","11":"pa_taille-s-36-2","12":"pa_taille-sur-mesure-fr-2","13":"pa_taille-xl-42-fr-2","14":"pa_taille-xs-34-2","16":"first","17":"outofstock","18":"taxable","19":"shipping-taxable","20":"purchasable","21":"product-type-variable"},"_links":{"self":[{"href":"https:\/\/maisoncleo.com\/fr\/wp-json\/wp\/v2\/product\/366227","targetHints":{"allow":["GET"]}}],"collection":[{"href":"https:\/\/maisoncleo.com\/fr\/wp-json\/wp\/v2\/product"}],"about":[{"href":"https:\/\/maisoncleo.com\/fr\/wp-json\/wp\/v2\/types\/product"}],"version-history":[{"count":1,"href":"https:\/\/maisoncleo.com\/fr\/wp-json\/wp\/v2\/product\/366227\/revisions"}],"predecessor-version":[{"id":366248,"href":"https:\/\/maisoncleo.com\/fr\/wp-json\/wp\/v2\/product\/366227\/revisions\/366248"}],"wp:featuredmedia":[{"embeddable":true,"href":"https:\/\/maisoncleo.com\/fr\/wp-json\/wp\/v2\/media\/350862"}],"wp:attachment":[{"href":"https:\/\/maisoncleo.com\/fr\/wp-json\/wp\/v2\/media?parent=366227"}],"wp:term":[{"taxonomy":"product_brand","embeddable":true,"href":"https:\/\/maisoncleo.com\/fr\/wp-json\/wp\/v2\/product_brand?post=366227"},{"taxonomy":"product_cat","embeddable":true,"href":"https:\/\/maisoncleo.com\/fr\/wp-json\/wp\/v2\/product_cat?post=366227"},{"taxonomy":"product_tag","embeddable":true,"href":"https:\/\/maisoncleo.com\/fr\/wp-json\/wp\/v2\/product_tag?post=366227"}],"curies":[{"name":"wp","href":"https:\/\/api.w.org\/{rel}","templated":true}]}}